   {"id":9,"date":"2020-01-28T12:50:56","date_gmt":"2020-01-28T12:50:56","guid":{"rendered":"https:\/\/paraclimbing.org\/fr\/?page_id=9"},"modified":"2022-04-07T20:23:09","modified_gmt":"2022-04-07T20:23:09","slug":"politique-de-confidentialite","status":"publish","type":"page","link":"https:\/\/paraclimbing.org\/fr\/politique-de-confidentialite\/","title":{"rendered":"Politique de confidentialit\u00e9"},"content":{"rendered":"<p>Nous traitons uniquement vos donn\u00e9es \u00e0 caract\u00e8re personnel (ci-apr\u00e8s d\u00e9nomm\u00e9es le plus souvent \u00ab\u00a0Donn\u00e9es\u00a0\u00bb) selon les besoins et dans le but de proposer un site internet fonctionnel et convivial, notamment dans son contenu et en termes de services propos\u00e9s.<\/p>\n<p>En vertu de l\u2019art. 4, paragraphe 1, du r\u00e8glement (UE) 2016\/679, le r\u00e8glement de base sur la protection des donn\u00e9es (ci-apr\u00e8s d\u00e9nomm\u00e9 \u00ab\u00a0RGPD\u00a0\u00bb) correspond \u00e0 toute op\u00e9ration ou tout ensemble d\u2019op\u00e9rations effectu\u00e9es avec ou sans proc\u00e9d\u00e9s automatis\u00e9s et appliqu\u00e9s \u00e0 des donn\u00e9es ou des ensembles de donn\u00e9es \u00e0 caract\u00e8re personnel, telles que la collecte, l\u2019enregistrement, l\u2019organisation, la structuration, la conservation, l\u2019adaptation ou la modification, la lecture, la consultation, l\u2019utilisation, la communication par transmission, la diffusion ou tout autre moyen permettant le rapprochement ou l\u2019interconnexion, la limitation, l\u2019effacement ou la destruction.<\/p>\n<p>Notre politique de confidentialit\u00e9 vous fournit principalement des informations relatives \u00e0 la nature, la port\u00e9e, l\u2019objectif, la dur\u00e9e et la base l\u00e9gale du traitement des donn\u00e9es \u00e0 caract\u00e8re personnel, dans la mesure o\u00f9 nous d\u00e9cidons des objectifs et des moyens du traitement, seuls ou avec d\u2019autres partenaires. Nous vous informons \u00e9galement des partenaires tiers avec lesquels nous travaillons \u00e0 des fins d\u2019optimisation et d\u2019augmentation de la qualit\u00e9 d\u2019utilisation, lorsque ces derniers traitent les donn\u00e9es sous leur propre responsabilit\u00e9.<\/p>\n<p>Notre politique de confidentialit\u00e9 est structur\u00e9e comme suit\u00a0:<\/p>\n<p>I. Informations nous concernant en tant que responsables<br \/>\nII. Droits de l\u2019utilisateur et des parties concern\u00e9es<br \/>\nIII. Informations relatives au traitement des donn\u00e9es<\/p>\n<p><strong>I. Informations nous concernant en tant que responsables<\/strong><\/p>\n<p>En termes de protection des donn\u00e9es, le fournisseur responsable de ce site internet est\u00a0:<\/p>\n<p>Sebastian Depke, Im Kirschengarten 8, 56132 Kemmenau, Allemagne<\/p>\n<p>Tel: +49 2603 5077209<br \/>\nEmail: <a href=\"mailto:&#x69;&#x6e;&#x66;&#x6f;&#x40;&#x70;&#x61;&#x72;&#x61;&#x63;&#x6c;&#x69;&#x6d;&#x62;&#x69;&#x6e;&#x67;&#x2e;&#x6f;&#x72;&#x67;\">&#x69;&#x6e;&#x66;&#x6f;&#x40;<span class=\"oe_displaynone\">null<\/span>&#x70;&#x61;&#x72;&#x61;&#x63;&#x6c;&#x69;&#x6d;&#x62;&#x69;&#x6e;&#x67;&#x2e;&#x6f;&#x72;&#x67;<\/a><\/p>\n<p><strong>II. Droits de l\u2019utilisateur et des parties concern\u00e9es<\/strong><\/p>\n<p>En ce qui concerne le traitement des donn\u00e9es d\u00e9crit ci-dessous plus en d\u00e9tail, les utilisateurs et les personnes concern\u00e9es ont le droit\u00a0:<\/p>\n<ul type=\"disc\">\n<li>D\u2019obtenir la confirmation que les donn\u00e9es sont trait\u00e9es, de savoir quels types de donn\u00e9es sont trait\u00e9s, d\u2019obtenir des informations suppl\u00e9mentaires relatives au traitement des donn\u00e9es et des copies des donn\u00e9es (voir \u00e9galement l\u2019Art. 15 du RGPD)\u00a0;<\/li>\n<li>De pouvoir corriger ou compl\u00e9ter des donn\u00e9es erron\u00e9es ou incompl\u00e8tes (voir l\u2019Art. 16 du RGPD)\u00a0;<\/li>\n<li>De pouvoir supprimer imm\u00e9diatement les donn\u00e9es les concernant (voir \u00e9galement l\u2019Art. 17 du RGPD), ou, de savoir si un traitement suppl\u00e9mentaire, conform\u00e9ment \u00e0 l\u2019Art. 17, paragraphe 3 du RGPD, est requis. De pouvoir limiter le traitement, conform\u00e9ment \u00e0 l\u2019Art. 18 du RGPD\u00a0;<\/li>\n<li>De pouvoir obtenir les donn\u00e9es les concernant et qu\u2019ils ont fournies, et de savoir si ces donn\u00e9es ont \u00e9t\u00e9 transmises \u00e0 d\u2019autres prestataires\/autorit\u00e9s (voir \u00e9galement l\u2019Art. 20 du RGPD)\u00a0;<\/li>\n<li>De d\u00e9poser une plainte aupr\u00e8s des autorit\u00e9s de contr\u00f4le s\u2019ils consid\u00e8rent que le fournisseur viole la r\u00e8glementation en mati\u00e8re de protection des donn\u00e9es (voir \u00e9galement l\u2019Art. 77 du RGPD).<\/li>\n<\/ul>\n<p>En outre, le fournisseur est tenu d\u2019informer tous les destinataires, aupr\u00e8s desquels les donn\u00e9es ont \u00e9t\u00e9 divulgu\u00e9es, de toute modification, suppression de donn\u00e9es ou restriction du traitement, et ce, conform\u00e9ment \u00e0 l\u2019article 16, 17 paragraphes 1, 18 du RGPD. Cependant, cette obligation ne s\u2019applique toutefois pas si la communication des informations s\u2019av\u00e8re impossible ou implique des efforts disproportionn\u00e9s. L\u2019utilisateur a n\u00e9anmoins le droit d\u2019obtenir des informations sur ces destinataires.<\/p>\n<p><strong>De m\u00eame, en vertu de l\u2019Art. 21 du RGPD, les utilisateurs et les personnes concern\u00e9es peuvent s\u2019opposer au traitement ult\u00e9rieur de leurs donn\u00e9es si les donn\u00e9es sont trait\u00e9es par le fournisseur conform\u00e9ment \u00e0 l\u2019Art. 6, paragraphe 1, point f du RGPD. Il est en particulier autoris\u00e9 de s\u2019opposer au traitement des donn\u00e9es \u00e0 des fins de publicit\u00e9 directe.<\/strong><\/p>\n<p><strong>III. Informations relatives au traitement des donn\u00e9es<\/strong><\/p>\n<p>Vos donn\u00e9es trait\u00e9es lors de l\u2019utilisation de notre site internet seront supprim\u00e9es ou bloqu\u00e9es d\u00e8s lors que la raison de leur conservation n\u2019a plus lieu d\u2019\u00eatre, que leur suppression n\u2019entre pas en conflit avec les exigences l\u00e9gales en mati\u00e8re de conservation. Aucune autre information ne sera fournie ult\u00e9rieurement relativement aux m\u00e9thodes de traitement individuelles.<\/p>\n<h4>Donn\u00e9es de serveur<\/h4>\n<p>Pour des raisons techniques, et notamment pour assurer la s\u00e9curit\u00e9 et la stabilit\u00e9 du site internet, les donn\u00e9es nous sont transmises via votre navigateur Internet ou sont transmises \u00e0 notre fournisseur d\u2019espace internet. Les fichiers journaux de serveur collectent\u00a0: le type et la version de votre navigateur internet, votre syst\u00e8me d\u2019exploitation, le site internet \u00e0 partir duquel vous \u00eates arriv\u00e9 sur notre site (URL de r\u00e9f\u00e9rence), le ou les pages de notre site que vous consultez, la date et l\u2019heure de l\u2019acc\u00e8s, et enfin, l\u2019adresse IP de la connexion internet \u00e0 partir de laquelle l\u2019utilisation de notre site a eu lieu.<\/p>\n<p>Ces donn\u00e9es collect\u00e9es seront temporairement conserv\u00e9es, mais ne seront pas partag\u00e9es avec d\u2019autres donn\u00e9es vous concernant.<\/p>\n<p>Cette conservation est effectu\u00e9e selon l\u2019Art. 6, paragraphe 1, point f) du RGPD. Notre int\u00e9r\u00eat est l\u00e9gitime car ces donn\u00e9es participent \u00e0 l\u2019am\u00e9lioration, la stabilit\u00e9, la fonctionnalit\u00e9 et la s\u00e9curit\u00e9 de notre site.<\/p>\n<p>Les donn\u00e9es seront supprim\u00e9es au plus tard au bout de sept jours, sauf si nous devons les conserver plus longtemps \u00e0 titre probatoire. Dans ce cas, tout ou partie des donn\u00e9es sera conserv\u00e9 jusqu\u2019au r\u00e8glement d\u00e9finitif du probl\u00e8me.<\/p>\n<h4>Cookies<\/h4>\n<h5><strong>a) Cookies de session<\/strong><\/h5>\n<p>Nous utilisons des cookies sur notre site. Les cookies sont de petits fichiers texte, ou d\u2019autres technologies de stockage, d\u00e9pos\u00e9s et stock\u00e9s sur votre appareil par le navigateur que vous utilisez. Ces cookies traitent certaines informations vous concernant, telles que votre navigateur, votre emplacement ou votre adresse IP.<\/p>\n<p>Ce traitement rend notre site plus convivial, efficace et s\u00e9curis\u00e9, car il nous permet, par exemple, de reproduire notre site dans diff\u00e9rentes langues ou d\u2019offrir une fonction de panier d\u2019achat.<\/p>\n<p>La base juridique de ce traitement est l\u2019Art. 6, paragraphe 1, point b.) du RGPD, dans la mesure o\u00f9 ces cookies sont utilis\u00e9s pour traiter ou ex\u00e9cuter le contrat.<\/p>\n<p>Lorsque le traitement des donn\u00e9es ne sert pas \u00e0 traiter ou ex\u00e9cuter le contrat, notre int\u00e9r\u00eat l\u00e9gitime r\u00e9side dans l\u2019am\u00e9lioration de la fonctionnalit\u00e9 de notre site. La base juridique est alors l\u2019art. 6, paragraphe 1, point f) du RGPD.<\/p>\n<p>Lorsque vous fermez votre navigateur, les cookies sont supprim\u00e9s.<\/p>\n<h5><strong>b) Mesures de suppression<\/strong><\/h5>\n<p>Il est possible d\u2019emp\u00eacher ou de limiter l\u2019installation des cookies en param\u00e9trant votre navigateur. Il est \u00e9galement possible de supprimer les cookies sauvegard\u00e9s pr\u00e9c\u00e9demment \u00e0 tout moment. Les \u00e9tapes et les mesures n\u00e9cessaires d\u00e9pendent toutefois de votre navigateur. Si vous vous posez des questions, utilisez la fonction d\u2019aide ou la documentation de votre navigateur, ou contactez le fabricant ou l\u2019assistance. Avec les cookies Flash, il n\u2019est cependant pas possible d\u2019emp\u00eacher le traitement en param\u00e9trant votre navigateur. Dans ce cas, vous devez modifier les param\u00e8tres de votre lecteur Flash. Les \u00e9tapes et les mesures n\u00e9cessaires d\u00e9pendent toutefois de votre lecteur Flash. Si vous vous posez des questions, utilisez la fonction d\u2019aide ou la documentation de votre lecteur Flash, ou contactez le fabricant ou l\u2019assistance.<\/p>\n<p>Si vous emp\u00eachez ou restreignez l\u2019installation des cookies, il est possible que vous ne puissiez pas utiliser pleinement toutes les fonctions de notre site.<\/p>\n<h4>Compte client\/fonction d\u2019inscription<\/h4>\n<p>Si vous cr\u00e9ez un compte client via notre site internet, nous collectons et conservons les donn\u00e9es fournies lors de votre inscription (par exemple, votre nom, votre adresse postale ou \u00e9lectronique) exclusivement dans le cadre de prestations pr\u00e9contractuelles, de l\u2019ex\u00e9cution du contrat ou du service client (par exemple, pour vous fournir un aper\u00e7u de vos commandes pass\u00e9es ou vous faire b\u00e9n\u00e9ficier de la fonction de m\u00e9morisation). Nous enregistrons en m\u00eame temps l\u2019adresse IP, la date et l\u2019heure de votre inscription. Les donn\u00e9es ne sont en aucun cas transmises \u00e0 des tiers.<\/p>\n<p>Lors du processus d\u2019inscription, votre consentement pour le traitement des donn\u00e9es vous est demand\u00e9 et il est fait r\u00e9f\u00e9rence \u00e0 cette d\u00e9claration de confidentialit\u00e9. Les donn\u00e9es que nous recueillons sont utilis\u00e9es exclusivement pour la mise \u00e0 disposition du compte client.<\/p>\n<p>Si vous consentez \u00e0 ce traitement, la base juridique s\u2019appliquant est celle de l\u2019Art. 6, paragraphe 1, point a) du RGPD.<\/p>\n<p>Dans la mesure o\u00f9 l\u2019ouverture du compte client sert \u00e9galement \u00e0 des mesures pr\u00e9contractuelles ou \u00e0 l\u2019ex\u00e9cution du contrat, la base juridique du traitement est \u00e9galement l\u2019Art 6, paragraphe 1, point b) du RGPD.<\/p>\n<p>Il est possible de retirer le consentement qui nous a \u00e9t\u00e9 accord\u00e9 lors de l\u2019ouverture et de la gestion du compte client, avec effet non r\u00e9troactif, conform\u00e9ment \u00e0 l\u2019Art. 7, paragraphe 3 du RGPD. Il suffit pour cela de nous informer que vous souhaitez vous r\u00e9tracter.<\/p>\n<p>Les donn\u00e9es seront supprim\u00e9es d\u00e8s que leur traitement ne sera plus n\u00e9cessaire. Nous devons toutefois respecter le d\u00e9lai l\u00e9gal de conservation d\u00e9fini dans la l\u00e9gislation fiscale et commerciale.<\/p>\n<h4>Newsletter<\/h4>\n<p>Lorsque vous vous abonnez \u00e0 notre newsletter, les donn\u00e9es qui vous ont \u00e9t\u00e9 demand\u00e9es (adresse \u00e9lectronique, et, \u00e9ventuellement, vos nom et adresse postale) nous sont envoy\u00e9es. Nous conservons simultan\u00e9ment l\u2019adresse IP \u00e0 partir de laquelle vous avez acc\u00e9d\u00e9 \u00e0 notre site, ainsi que la date et l\u2019heure de votre inscription. Lors de la proc\u00e9dure d\u2019inscription ult\u00e9rieure, nous vous demanderons de consentir \u00e0 l\u2019envoi de cette newsletter, en d\u00e9crirons le contenu pr\u00e9cis\u00e9ment et nous r\u00e9f\u00e9rerons \u00e0 la pr\u00e9sente politique de confidentialit\u00e9. Nous utilisons les donn\u00e9es collect\u00e9es exclusivement pour l\u2019envoi de la newsletter\u00a0: elles ne sont donc pas transmises \u00e0 des tiers.<\/p>\n<p>A ce titre, la base juridique est l\u2019article 6, paragraphe 1, point a) du RGPD.<\/p>\n<p>Il est possible de retirer \u00e0 tout moment son consentement \u00e0 recevoir la newsletter, conform\u00e9ment \u00e0 l\u2019Art. 7, paragraphe 3 du RGPD. Cette r\u00e9siliation n\u2019a pas d\u2019effet r\u00e9troactif. Il vous suffit de nous informer de votre r\u00e9siliation ou de cliquer sur le lien de d\u00e9sinscription figurant dans toutes les newsletters.<\/p>\n<h4>Demandes\/possibilit\u00e9s de contact<\/h4>\n<p>Si vous nous contactez via un formulaire de contact ou par e-mail, les donn\u00e9es fournies seront utilis\u00e9es pour traiter votre demande. Fournir ces donn\u00e9es est n\u00e9cessaire pour traiter votre demande et y r\u00e9pondre : si vous ne les fournissez pas, nous ne pourrons pas r\u00e9pondre ou y r\u00e9pondrons, au mieux, dans la mesure du possible.<br \/>\nLa base juridique pour ce traitement est l\u2019Art. 6, paragraphe 1, point b) du RGPD.<br \/>\nVos donn\u00e9es seront par la suite supprim\u00e9es, \u00e0 condition que nous ayons r\u00e9pondu \u00e0 votre demande et que la suppression ne viole pas les exigences de conservation l\u00e9gales, par exemple, pour ex\u00e9cuter un contrat ult\u00e9rieurement.<\/p>\n<h4>Contributions utilisateur, commentaires et \u00e9valuations<\/h4>\n<p>Nous vous proposons de publier des questions, des r\u00e9ponses, des avis ou des \u00e9valuations sur nos sites internet, ci-apr\u00e8s d\u00e9nomm\u00e9s \u00ab\u00a0contributions\u00a0\u00bb. Si vous souhaitez utiliser cette offre, nous traitons et publions votre contribution, la date et l\u2019heure de l\u2019envoi, ainsi que le pseudonyme utilis\u00e9.<\/p>\n<p>\u00c0 ce titre, la base juridique est l\u2019article 6, paragraphe 1, point a) du RGPD. Votre consentement peut \u00eatre r\u00e9sili\u00e9 quand vous le souhaitez, conform\u00e9ment \u00e0 l\u2019Art. 7, paragraphe 3 du RGPD. Cette r\u00e9siliation n\u2019a pas d\u2019effet r\u00e9troactif. Il suffit pour cela de nous informer que vous souhaitez vous r\u00e9tracter.<\/p>\n<p>De plus, nous traitons \u00e9galement votre adresse IP et votre adresse \u00e9lectronique. Nous traitons l\u2019adresse IP selon notre int\u00e9r\u00eat l\u00e9gitime \u00e0 engager ou \u00e0 soutenir toute action ult\u00e9rieure, dans la mesure o\u00f9 votre contribution porte atteinte aux droits de tierces personnes et\/ou qu\u2019elle soit par ailleurs ill\u00e9gale.<\/p>\n<p>La base juridique est alors l\u2019Art. 6, paragraphe 1, point f) du RGPD. Notre int\u00e9r\u00eat l\u00e9gitime r\u00e9side dans la n\u00e9cessit\u00e9 de nous d\u00e9fendre juridiquement.<\/p>\n<h4>Abonnement aux contributions<\/h4>\n<p>Si vous publiez des contributions sur notre site, nous vous proposons \u00e9galement de vous abonner aux contributions ult\u00e9rieures de tierces personnes. Nous traitons alors votre adresse \u00e9lectronique afin de pouvoir vous informer par courrier \u00e9lectronique de ces contributions ult\u00e9rieures.<\/p>\n<p>\u00c0 ce titre, la base juridique est l\u2019article 6, paragraphe 1, point a) du RGPD. Vous pouvez r\u00e9silier cet abonnement quand vous le souhaitez, conform\u00e9ment \u00e0 l\u2019Art. 7, paragraphe 3 du RGPD. Cette r\u00e9siliation n\u2019a pas d\u2019effet r\u00e9troactif. Il vous suffit de nous informer de votre r\u00e9siliation ou de cliquer sur le lien de d\u00e9sabonnement figurant dans l\u2019e-mail correspondant.<\/p>\n<h4>YouTube<\/h4>\n<p>Nous utilisons YouTube sur notre site internet. Nous faisons ici r\u00e9f\u00e9rence \u00e0 un portail vid\u00e9o de YouTube LLC., 901 Cherry Ave., 94066 San Bruno, CA, ci-apr\u00e8s d\u00e9nomm\u00e9 \u00ab\u00a0YouTube\u00a0\u00bb.<\/p>\n<p>YouTube est une filiale de Google Ireland Limited, Gordon House, Barrow Street, Dublin 4, Irland, ci-apr\u00e8s d\u00e9nomm\u00e9 \u00ab\u00a0Google\u00a0\u00bb.<\/p>\n<p>En \u00e9tant certifi\u00e9 sous le bouclier de protection de la vie priv\u00e9e UE-\u00c9tats-Unis (\u00ab EU-US Privacy Shield \u00bb), <a href=\"https:\/\/www.privacyshield.gov\/participant?id=a2zt000000001L5AAI&amp;status=Active\" target=\"_blank\" rel=\"noopener noreferrer\">https:\/\/www.privacyshield.gov\/participant?id=a2zt000000001L5AAI&amp;status=Active<\/a>\u00a0Google, associ\u00e9 \u00e0 sa filiale YouTube, garantit le respect des normes europ\u00e9ennes en mati\u00e8re de protection des donn\u00e9es, notamment lors du traitement de donn\u00e9es aux \u00c9tats-Unis.<\/p>\n<p>Pour vous proposer des vid\u00e9os, nous utilisons YouTube et la fonction de \u00ab\u00a0mode de protection des donn\u00e9es avanc\u00e9\u00a0\u00bb. La base juridique est l\u2019Art. 6, paragraphe 1, point f) du RGPD. Notre int\u00e9r\u00eat l\u00e9gitime r\u00e9side dans l\u2019am\u00e9lioration de la qualit\u00e9 de notre site internet. La fonction de \u00ab\u00a0mode de protection des donn\u00e9es renforc\u00e9\u00a0\u00bb signifie, selon YouTube, que les donn\u00e9es ci-dessous ne sont pas transmises au serveur de YouTube, sauf si vous lisez r\u00e9ellement une vid\u00e9o.<\/p>\n<p>Sans cette \u00ab\u00a0protection des donn\u00e9es renforc\u00e9e \u00bb, vous seriez connect\u00e9 au serveur YouTube aux \u00c9tats-Unis d\u00e8s lors que vous visiteriez l\u2019une de nos pages contenant une vid\u00e9o YouTube.<\/p>\n<p>Cette connexion est n\u00e9cessaire pour pouvoir afficher la vid\u00e9o correspondante sur notre site via votre navigateur internet. Pour ce faire, YouTube collecte et traite au moins votre adresse IP, la date et l\u2019heure, ainsi que la page que vous consultez. Il se connecte \u00e9galement au r\u00e9seau publicitaire \u00ab DoubleClick\u00a0\u00bb de Google.<\/p>\n<p>Si vous \u00eates connect\u00e9 simultan\u00e9ment \u00e0 YouTube, ce dernier fournit les informations de connexion \u00e0 votre compte YouTube. Si vous souhaitez \u00e9viter que cela ne se produise, vous devez soit vous d\u00e9connecter de YouTube avant de consulter notre site, soit d\u00e9finir les param\u00e8tres appropri\u00e9s dans votre compte utilisateur YouTube.<\/p>\n<p>Pour des raisons de fonctionnalit\u00e9 et pour l\u2019analyse du comportement d\u2019utilisation, YouTube enregistre en permanence les cookies via votre navigateur internet sur votre appareil. Si vous ne souhaitez pas que ce traitement soit effectu\u00e9, vous pouvez emp\u00eacher l\u2019enregistrement des cookies en param\u00e9trant votre navigateur Internet \u00e0 cet effet. Pour obtenir des informations suppl\u00e9mentaires, veuillez consulter la rubrique \u00ab\u00a0Cookies\u00a0\u00bb ci-dessus.<\/p>\n<p>Pour obtenir des informations suppl\u00e9mentaires sur la collecte et l\u2019utilisation de donn\u00e9es, ainsi que sur vos droits et vos options de protection, consultez la politique de confidentialit\u00e9 de Google \u00e0 l\u2019adresse : <a href=\"https:\/\/policies.google.com\/privacy\" target=\"_blank\" rel=\"noopener noreferrer\">https:\/\/policies.google.com\/privacy<\/a><\/p>\n<p><a href=\"https:\/\/www.ratgeberrecht.eu\/leistungen\/muster-datenschutzerklaerung.html\" target=\"_blank\" rel=\"noopener noreferrer\">Exemple de politique de confidentialit\u00e9<\/a> du <a href=\"https:\/\/www.ratgeberrecht.eu\/\" target=\"_blank\" rel=\"noopener noreferrer\">cabinet d\u2019avocats Wei\u00df &amp; Partner<\/a><\/p>","protected":false},"excerpt":{"rendered":"<p>Nous traitons uniquement vos donn\u00e9es \u00e0 caract\u00e8re personnel (ci-apr\u00e8s d\u00e9nomm\u00e9es le plus souvent \u00ab\u00a0Donn\u00e9es\u00a0\u00bb) selon les besoins et dans le but de proposer un site &hellip;<\/p>\n","protected":false},"author":1,"featured_media":0,"parent":0,"menu_order":0,"comment_status":"closed","ping_status":"closed","template":"","meta":{"footnotes":""},"class_list":["post-9","page","type-page","status-publish","hentry"],"yoast_head":"<!-- This site is optimized with the Yoast SEO plugin v27.3 - https:\/\/yoast.com\/product\/yoast-seo-wordpress\/ -->\n<title>Politique de confidentialit\u00e9 - Handi Escalade<\/title>\n<meta name=\"robots\" content=\"index, follow, max-snippet:-1, max-image-preview:large, max-video-preview:-1\" \/>\n<link rel=\"canonical\" href=\"https:\/\/paraclimbing.org\/fr\/politique-de-confidentialite\/\" \/>\n<meta property=\"og:locale\" content=\"fr_FR\" \/>\n<meta property=\"og:type\" content=\"article\" \/>\n<meta property=\"og:title\" content=\"Politique de confidentialit\u00e9 - Handi Escalade\" \/>\n<meta property=\"og:description\" content=\"Nous traitons uniquement vos donn\u00e9es \u00e0 caract\u00e8re personnel (ci-apr\u00e8s d\u00e9nomm\u00e9es le plus souvent \u00ab\u00a0Donn\u00e9es\u00a0\u00bb) selon les besoins et dans le but de proposer un site &hellip;\" \/>\n<meta property=\"og:url\" content=\"https:\/\/paraclimbing.org\/fr\/politique-de-confidentialite\/\" \/>\n<meta property=\"og:site_name\" content=\"Handi Escalade\" \/>\n<meta property=\"article:modified_time\" content=\"2022-04-07T20:23:09+00:00\" \/>\n<meta name=\"twitter:card\" content=\"summary_large_image\" \/>\n<meta name=\"twitter:label1\" content=\"Dur\u00e9e de lecture estim\u00e9e\" \/>\n\t<meta name=\"twitter:data1\" content=\"13 minutes\" \/>\n<script type=\"application\/ld+json\" class=\"yoast-schema-graph\">{\"@context\":\"https:\\\/\\\/schema.org\",\"@graph\":[{\"@type\":\"WebPage\",\"@id\":\"https:\\\/\\\/paraclimbing.org\\\/fr\\\/politique-de-confidentialite\\\/\",\"url\":\"https:\\\/\\\/paraclimbing.org\\\/fr\\\/politique-de-confidentialite\\\/\",\"name\":\"Politique de confidentialit\u00e9 - Handi Escalade\",\"isPartOf\":{\"@id\":\"https:\\\/\\\/paraclimbing.org\\\/fr\\\/#website\"},\"datePublished\":\"2020-01-28T12:50:56+00:00\",\"dateModified\":\"2022-04-07T20:23:09+00:00\",\"breadcrumb\":{\"@id\":\"https:\\\/\\\/paraclimbing.org\\\/fr\\\/politique-de-confidentialite\\\/#breadcrumb\"},\"inLanguage\":\"fr-FR\",\"potentialAction\":[{\"@type\":\"ReadAction\",\"target\":[\"https:\\\/\\\/paraclimbing.org\\\/fr\\\/politique-de-confidentialite\\\/\"]}]},{\"@type\":\"BreadcrumbList\",\"@id\":\"https:\\\/\\\/paraclimbing.org\\\/fr\\\/politique-de-confidentialite\\\/#breadcrumb\",\"itemListElement\":[{\"@type\":\"ListItem\",\"position\":1,\"name\":\"Home\",\"item\":\"https:\\\/\\\/paraclimbing.org\\\/fr\\\/\"},{\"@type\":\"ListItem\",\"position\":2,\"name\":\"Politique de confidentialit\u00e9\"}]},{\"@type\":\"WebSite\",\"@id\":\"https:\\\/\\\/paraclimbing.org\\\/fr\\\/#website\",\"url\":\"https:\\\/\\\/paraclimbing.org\\\/fr\\\/\",\"name\":\"Handi Escalade\",\"description\":\"Handi Escalade nouveaut\u00e9s internationales\",\"potentialAction\":[{\"@type\":\"SearchAction\",\"target\":{\"@type\":\"EntryPoint\",\"urlTemplate\":\"https:\\\/\\\/paraclimbing.org\\\/fr\\\/?s={search_term_string}\"},\"query-input\":{\"@type\":\"PropertyValueSpecification\",\"valueRequired\":true,\"valueName\":\"search_term_string\"}}],\"inLanguage\":\"fr-FR\"}]}<\/script>\n<!-- \/ Yoast SEO plugin. -->","yoast_head_json":{"title":"Politique de confidentialit\u00e9 - Handi Escalade","robots":{"index":"index","follow":"follow","max-snippet":"max-snippet:-1","max-image-preview":"max-image-preview:large","max-video-preview":"max-video-preview:-1"},"canonical":"https:\/\/paraclimbing.org\/fr\/politique-de-confidentialite\/","og_locale":"fr_FR","og_type":"article","og_title":"Politique de confidentialit\u00e9 - Handi Escalade","og_description":"Nous traitons uniquement vos donn\u00e9es \u00e0 caract\u00e8re personnel (ci-apr\u00e8s d\u00e9nomm\u00e9es le plus souvent \u00ab\u00a0Donn\u00e9es\u00a0\u00bb) selon les besoins et dans le but de proposer un site &hellip;","og_url":"https:\/\/paraclimbing.org\/fr\/politique-de-confidentialite\/","og_site_name":"Handi Escalade","article_modified_time":"2022-04-07T20:23:09+00:00","twitter_card":"summary_large_image","twitter_misc":{"Dur\u00e9e de lecture estim\u00e9e":"13 minutes"},"schema":{"@context":"https:\/\/schema.org","@graph":[{"@type":"WebPage","@id":"https:\/\/paraclimbing.org\/fr\/politique-de-confidentialite\/","url":"https:\/\/paraclimbing.org\/fr\/politique-de-confidentialite\/","name":"Politique de confidentialit\u00e9 - Handi Escalade","isPartOf":{"@id":"https:\/\/paraclimbing.org\/fr\/#website"},"datePublished":"2020-01-28T12:50:56+00:00","dateModified":"2022-04-07T20:23:09+00:00","breadcrumb":{"@id":"https:\/\/paraclimbing.org\/fr\/politique-de-confidentialite\/#breadcrumb"},"inLanguage":"fr-FR","potentialAction":[{"@type":"ReadAction","target":["https:\/\/paraclimbing.org\/fr\/politique-de-confidentialite\/"]}]},{"@type":"BreadcrumbList","@id":"https:\/\/paraclimbing.org\/fr\/politique-de-confidentialite\/#breadcrumb","itemListElement":[{"@type":"ListItem","position":1,"name":"Home","item":"https:\/\/paraclimbing.org\/fr\/"},{"@type":"ListItem","position":2,"name":"Politique de confidentialit\u00e9"}]},{"@type":"WebSite","@id":"https:\/\/paraclimbing.org\/fr\/#website","url":"https:\/\/paraclimbing.org\/fr\/","name":"Handi Escalade","description":"Handi Escalade nouveaut\u00e9s internationales","potentialAction":[{"@type":"SearchAction","target":{"@type":"EntryPoint","urlTemplate":"https:\/\/paraclimbing.org\/fr\/?s={search_term_string}"},"query-input":{"@type":"PropertyValueSpecification","valueRequired":true,"valueName":"search_term_string"}}],"inLanguage":"fr-FR"}]}},"_links":{"self":[{"href":"https:\/\/paraclimbing.org\/fr\/wp-json\/wp\/v2\/pages\/9","targetHints":{"allow":["GET"]}}],"collection":[{"href":"https:\/\/paraclimbing.org\/fr\/wp-json\/wp\/v2\/pages"}],"about":[{"href":"https:\/\/paraclimbing.org\/fr\/wp-json\/wp\/v2\/types\/page"}],"author":[{"embeddable":true,"href":"https:\/\/paraclimbing.org\/fr\/wp-json\/wp\/v2\/users\/1"}],"replies":[{"embeddable":true,"href":"https:\/\/paraclimbing.org\/fr\/wp-json\/wp\/v2\/comments?post=9"}],"version-history":[{"count":6,"href":"https:\/\/paraclimbing.org\/fr\/wp-json\/wp\/v2\/pages\/9\/revisions"}],"predecessor-version":[{"id":153,"href":"https:\/\/paraclimbing.org\/fr\/wp-json\/wp\/v2\/pages\/9\/revisions\/153"}],"wp:attachment":[{"href":"https:\/\/paraclimbing.org\/fr\/wp-json\/wp\/v2\/media?parent=9"}],"curies":[{"name":"wp","href":"https:\/\/api.w.org\/{rel}","templated":true}]}}