   {"id":50,"date":"2020-07-21T19:39:07","date_gmt":"2020-07-21T19:39:07","guid":{"rendered":"https:\/\/paraclimbing.org\/fr\/?page_id=50"},"modified":"2020-07-21T19:41:47","modified_gmt":"2020-07-21T19:41:47","slug":"sante-et-entrainement","status":"publish","type":"page","link":"https:\/\/paraclimbing.org\/fr\/sante-et-entrainement\/","title":{"rendered":"Sant\u00e9 et Entrainement"},"content":{"rendered":"<p>Les publications au sujet de l\u2019entrainement en escalade ne manquent pas. C\u2019est un sujet souvent \u00e9tudi\u00e9 et largement document\u00e9. En revanche, pour ce qui est de la gestion du handicap et donc plus sp\u00e9cifiquement du handi-escalade, nous devons plus ou moins se d\u00e9brouiller par nous-m\u00eames. Bienvenue dans le royaume de la compensation et de l\u2019adaptabilit\u00e9. Mais avant tout veuillez noter que\u00a0:<\/p>\n<ul>\n<li>Tout ce que vous entreprenez est \u00e0 vos risques et p\u00e9rils, vous agissez sous votre propre responsabilit\u00e9.<\/li>\n<li>Vous avez potentiellement beaucoup \u00e0 perdre et peu \u00e0 gagner ; jugez donc bien si le jeu en vaut la chandelle et sachez connaitre vos limites<\/li>\n<li>Les quelques conseils et astuces qui suivent ne sauraient remplacer les conseils avis\u00e9s d\u2019un professionnel.<\/li>\n<\/ul>\n<p>Ceci peut paraitre \u00e9vident mais n\u2019en est pas moins crucial. Certains peuvent, dans l\u2019euphorie du moment, oublier que leur situation particuli\u00e8re de handicap demande une prudence adapt\u00e9e. En fonction du handicap de chacun, le prix d\u2019un engagement maximal peut \u00eatre cher pay\u00e9. Imaginez un instant vous blesser \u00e0 votre seul bras valide, la situation pourrait se r\u00e9v\u00e9ler plus que probl\u00e9matique par la suite.<br \/>\nL\u2019escalade \u00e0 haut niveau de mani\u00e8re g\u00e9n\u00e9rale n\u2019est pas sans risques, m\u00eame pour des personnes valides. Il faut, en outre, prendre en compte le fait qu\u2019un handicap vous forcera \u00e0 utiliser des m\u00e9canismes de compensation sp\u00e9cifiques qui entrainent des surcharges r\u00e9currentes (souvent asym\u00e9triques pour les amput\u00e9s) sur certaines parties du corps. A long terme, ceci entrainera des blessures si aucune attention n\u2019est accord\u00e9e \u00e0 la situation particuli\u00e8re du handicap.<\/p>\n<h2>Les Lois de la Physique (et de l\u2019Anatomie) Triomphent Toujours<\/h2>\n<p>Voil\u00e0 un concept qu\u2019il est important pour tous de comprendre et d\u2019accepter. En handi-sport plus particuli\u00e8rement, il est commun d\u2019entendre de grandes d\u00e9clarations type \u00ab\u00a0Les limites sont faites pour \u00eatre repouss\u00e9es\u00a0\u00bb ou \u00ab\u00a0Rien n\u2019est impossible pour qui r\u00eave suffisamment grand\u00a0\u00bb. Bien que tr\u00e8s \u00e0 la mode sur instagram, il faut garder en t\u00eate que ces d\u00e9clarations aux intentions louables, qui se veulent source d\u2019inspiration et de motivation, sont simplement des m\u00e9taphores et ne sont que partiellement vraies. Dans le monde r\u00e9el, les individus ne sont pas des superh\u00e9ros et poss\u00e8dent tous des limites concr\u00e8tes qui ne pourront jamais \u00eatre d\u00e9plac\u00e9es. Les personnes poss\u00e9dant un handicap, comme les autres, doivent donc connaitre et accepter ces limites avec lesquelles ils doivent composer.<\/p>\n<p>Prenons un exemple simple. Si vous grimpez avec un seul bras, celui-ci sera bien \u00e9videmment beaucoup plus sollicit\u00e9 que chez un grimpeur valide. En r\u00e9alit\u00e9, plus du double car votre escalade est alors plus dynamique et cause ainsi des pics d\u2019intensit\u00e9 importants. Vous devez aussi plus souvent faire face \u00e0 des d\u00e9s\u00e9quilibres, ce qui requiert un travail plus intense avec vos pieds. L\u2019escalade est d\u00e9j\u00e0 \u00eatre un sport traumatisant au niveau des mains, des bras et des \u00e9paules pour des grimpeurs valides\u00a0; dans votre cas, l\u2019escalade \u00e0 haut niveau et l\u2019entraiment sur le long terme conduira n\u00e9cessairement \u00e0 des surcharges et \u00e0 un risque de blessure associ\u00e9. La physique ainsi que votre anatomie vous forcent \u00e0 surcharger votre bras valide, qui n\u2019est pas vraiment pr\u00e9vu pour \u00e7a. Il faut donc mettre en place des strat\u00e9gies pour compenser cela.<\/p>\n<p>Le concept derri\u00e8re cet exemple peut \u00eatre appliqu\u00e9 \u00e0 de tr\u00e8s nombreux handicaps. Toute forme d\u2019amputation ou de d\u00e9ficience motrice qui entraine des charges asym\u00e9triques sur les chaines musculaires engendre des risques de blessure accrus. Si vous compensez un manque de souplesse par plus de force, vous concentrez vos efforts sur une partie du corps qui est, de fait, plus sollicit\u00e9e. Il est important d\u2019identifier quels sont ces muscles, tendons et articulations qui souffrent d\u2019une sur-sollicitation, en vue d\u2019en prendre particuli\u00e8rement soin pour pr\u00e9venir les blessures.<\/p>\n<h2>Identifier et Travailler Ses points Faibles<\/h2>\n<p>Alors, que peut-on faire\u00a0? Outre le simple concept de prudence d\u00e9crit ci-dessus, il faut donc identifier quelles sont vos faiblesses, c\u2019est-\u00e0-dire, ces zones du corps qui sont plus sollicit\u00e9es, par rapport \u00e0 un grimpeur valide. Il est possible, par exemple, qu\u2019un cot\u00e9 de votre corps soit sur-charg\u00e9 pendant l\u2019entrainement \u00e0 cause d\u2019une amputation d\u2019un membre ou d\u2019une simple d\u00e9ficience de mobilit\u00e9\/motricit\u00e9. Dans de nombreux cas, ces charges asym\u00e9triques entrainent des douleurs\u00a0; il est donc crucial d\u2019\u00eatre \u00e0 l\u2019\u00e9coute de son corps pour les identifier. Au bout du compte, l\u2019important est d\u2019arriver \u00e0 mettre en place les bons exercices et les routines qui permettent de mieux adapter l\u2019escalade \u00e0 votre anatomie.<\/p>\n<p>Pour ce type d\u2019entrainement sp\u00e9cifique, l\u2019aide de kin\u00e9s et de m\u00e9decins du sport s\u2019av\u00e9re extr\u00eamement pr\u00e9cieuse. Il y a \u00e9galement le livre ACT, pour Adjunct Compensatory Training, de Volker Schoffl (m\u00e9decin et entraineur de l\u2019\u00e9quipe d\u2019escalade allemande) Dicki Korb et Patrick Matros (tous deux entraineurs d\u2019Alex Megos, entre autres) qui peut fournir de bonnes id\u00e9es en ce sens et servir de point de d\u00e9part. Le pdf peut \u00eatre t\u00e9l\u00e9charg\u00e9 gratuitement en ligne sur <a href=\"http:\/\/act.clinic\">www.act.clinic<\/a>. Le livre est \u00e9crit pour les athl\u00e8tes valides mais traite des m\u00e9canismes de compensation et contient un chapitre \u00e0 propos d\u2019exercices d\u2019entrainement d\u00e9di\u00e9s sp\u00e9cifiquement aux blessures r\u00e9currentes en escalade qui peut directement \u00eatre applicable au handi-grimpeurs. N\u2019h\u00e9sitez donc pas \u00e0 y jeter un \u0153il mais, comme pr\u00e9cis\u00e9 ci-dessus, n\u2019oubliez pas que les conseils d\u2019un professionnel restent vos meilleurs atouts.<\/p>","protected":false},"excerpt":{"rendered":"<p>Les publications au sujet de l\u2019entrainement en escalade ne manquent pas. C\u2019est un sujet souvent \u00e9tudi\u00e9 et largement document\u00e9. En revanche, pour ce qui est &hellip;<\/p>\n","protected":false},"author":1,"featured_media":0,"parent":0,"menu_order":0,"comment_status":"closed","ping_status":"closed","template":"","meta":{"footnotes":""},"class_list":["post-50","page","type-page","status-publish","hentry"],"yoast_head":"<!-- This site is optimized with the Yoast SEO plugin v27.3 - https:\/\/yoast.com\/product\/yoast-seo-wordpress\/ -->\n<title>Sant\u00e9 et Entrainement - Handi Escalade<\/title>\n<meta name=\"robots\" content=\"index, follow, max-snippet:-1, max-image-preview:large, max-video-preview:-1\" \/>\n<link rel=\"canonical\" href=\"https:\/\/paraclimbing.org\/fr\/sante-et-entrainement\/\" \/>\n<meta property=\"og:locale\" content=\"fr_FR\" \/>\n<meta property=\"og:type\" content=\"article\" \/>\n<meta property=\"og:title\" content=\"Sant\u00e9 et Entrainement - Handi Escalade\" \/>\n<meta property=\"og:description\" content=\"Les publications au sujet de l\u2019entrainement en escalade ne manquent pas. C\u2019est un sujet souvent \u00e9tudi\u00e9 et largement document\u00e9. En revanche, pour ce qui est &hellip;\" \/>\n<meta property=\"og:url\" content=\"https:\/\/paraclimbing.org\/fr\/sante-et-entrainement\/\" \/>\n<meta property=\"og:site_name\" content=\"Handi Escalade\" \/>\n<meta property=\"article:modified_time\" content=\"2020-07-21T19:41:47+00:00\" \/>\n<meta name=\"twitter:card\" content=\"summary_large_image\" \/>\n<meta name=\"twitter:label1\" content=\"Dur\u00e9e de lecture estim\u00e9e\" \/>\n\t<meta name=\"twitter:data1\" content=\"5 minutes\" \/>\n<script type=\"application\/ld+json\" class=\"yoast-schema-graph\">{\"@context\":\"https:\\\/\\\/schema.org\",\"@graph\":[{\"@type\":\"WebPage\",\"@id\":\"https:\\\/\\\/paraclimbing.org\\\/fr\\\/sante-et-entrainement\\\/\",\"url\":\"https:\\\/\\\/paraclimbing.org\\\/fr\\\/sante-et-entrainement\\\/\",\"name\":\"Sant\u00e9 et Entrainement - Handi Escalade\",\"isPartOf\":{\"@id\":\"https:\\\/\\\/paraclimbing.org\\\/fr\\\/#website\"},\"datePublished\":\"2020-07-21T19:39:07+00:00\",\"dateModified\":\"2020-07-21T19:41:47+00:00\",\"breadcrumb\":{\"@id\":\"https:\\\/\\\/paraclimbing.org\\\/fr\\\/sante-et-entrainement\\\/#breadcrumb\"},\"inLanguage\":\"fr-FR\",\"potentialAction\":[{\"@type\":\"ReadAction\",\"target\":[\"https:\\\/\\\/paraclimbing.org\\\/fr\\\/sante-et-entrainement\\\/\"]}]},{\"@type\":\"BreadcrumbList\",\"@id\":\"https:\\\/\\\/paraclimbing.org\\\/fr\\\/sante-et-entrainement\\\/#breadcrumb\",\"itemListElement\":[{\"@type\":\"ListItem\",\"position\":1,\"name\":\"Home\",\"item\":\"https:\\\/\\\/paraclimbing.org\\\/fr\\\/\"},{\"@type\":\"ListItem\",\"position\":2,\"name\":\"Sant\u00e9 et Entrainement\"}]},{\"@type\":\"WebSite\",\"@id\":\"https:\\\/\\\/paraclimbing.org\\\/fr\\\/#website\",\"url\":\"https:\\\/\\\/paraclimbing.org\\\/fr\\\/\",\"name\":\"Handi Escalade\",\"description\":\"Handi Escalade nouveaut\u00e9s internationales\",\"potentialAction\":[{\"@type\":\"SearchAction\",\"target\":{\"@type\":\"EntryPoint\",\"urlTemplate\":\"https:\\\/\\\/paraclimbing.org\\\/fr\\\/?s={search_term_string}\"},\"query-input\":{\"@type\":\"PropertyValueSpecification\",\"valueRequired\":true,\"valueName\":\"search_term_string\"}}],\"inLanguage\":\"fr-FR\"}]}<\/script>\n<!-- \/ Yoast SEO plugin. -->","yoast_head_json":{"title":"Sant\u00e9 et Entrainement - Handi Escalade","robots":{"index":"index","follow":"follow","max-snippet":"max-snippet:-1","max-image-preview":"max-image-preview:large","max-video-preview":"max-video-preview:-1"},"canonical":"https:\/\/paraclimbing.org\/fr\/sante-et-entrainement\/","og_locale":"fr_FR","og_type":"article","og_title":"Sant\u00e9 et Entrainement - Handi Escalade","og_description":"Les publications au sujet de l\u2019entrainement en escalade ne manquent pas. C\u2019est un sujet souvent \u00e9tudi\u00e9 et largement document\u00e9. En revanche, pour ce qui est &hellip;","og_url":"https:\/\/paraclimbing.org\/fr\/sante-et-entrainement\/","og_site_name":"Handi Escalade","article_modified_time":"2020-07-21T19:41:47+00:00","twitter_card":"summary_large_image","twitter_misc":{"Dur\u00e9e de lecture estim\u00e9e":"5 minutes"},"schema":{"@context":"https:\/\/schema.org","@graph":[{"@type":"WebPage","@id":"https:\/\/paraclimbing.org\/fr\/sante-et-entrainement\/","url":"https:\/\/paraclimbing.org\/fr\/sante-et-entrainement\/","name":"Sant\u00e9 et Entrainement - Handi Escalade","isPartOf":{"@id":"https:\/\/paraclimbing.org\/fr\/#website"},"datePublished":"2020-07-21T19:39:07+00:00","dateModified":"2020-07-21T19:41:47+00:00","breadcrumb":{"@id":"https:\/\/paraclimbing.org\/fr\/sante-et-entrainement\/#breadcrumb"},"inLanguage":"fr-FR","potentialAction":[{"@type":"ReadAction","target":["https:\/\/paraclimbing.org\/fr\/sante-et-entrainement\/"]}]},{"@type":"BreadcrumbList","@id":"https:\/\/paraclimbing.org\/fr\/sante-et-entrainement\/#breadcrumb","itemListElement":[{"@type":"ListItem","position":1,"name":"Home","item":"https:\/\/paraclimbing.org\/fr\/"},{"@type":"ListItem","position":2,"name":"Sant\u00e9 et Entrainement"}]},{"@type":"WebSite","@id":"https:\/\/paraclimbing.org\/fr\/#website","url":"https:\/\/paraclimbing.org\/fr\/","name":"Handi Escalade","description":"Handi Escalade nouveaut\u00e9s internationales","potentialAction":[{"@type":"SearchAction","target":{"@type":"EntryPoint","urlTemplate":"https:\/\/paraclimbing.org\/fr\/?s={search_term_string}"},"query-input":{"@type":"PropertyValueSpecification","valueRequired":true,"valueName":"search_term_string"}}],"inLanguage":"fr-FR"}]}},"_links":{"self":[{"href":"https:\/\/paraclimbing.org\/fr\/wp-json\/wp\/v2\/pages\/50","targetHints":{"allow":["GET"]}}],"collection":[{"href":"https:\/\/paraclimbing.org\/fr\/wp-json\/wp\/v2\/pages"}],"about":[{"href":"https:\/\/paraclimbing.org\/fr\/wp-json\/wp\/v2\/types\/page"}],"author":[{"embeddable":true,"href":"https:\/\/paraclimbing.org\/fr\/wp-json\/wp\/v2\/users\/1"}],"replies":[{"embeddable":true,"href":"https:\/\/paraclimbing.org\/fr\/wp-json\/wp\/v2\/comments?post=50"}],"version-history":[{"count":3,"href":"https:\/\/paraclimbing.org\/fr\/wp-json\/wp\/v2\/pages\/50\/revisions"}],"predecessor-version":[{"id":55,"href":"https:\/\/paraclimbing.org\/fr\/wp-json\/wp\/v2\/pages\/50\/revisions\/55"}],"wp:attachment":[{"href":"https:\/\/paraclimbing.org\/fr\/wp-json\/wp\/v2\/media?parent=50"}],"curies":[{"name":"wp","href":"https:\/\/api.w.org\/{rel}","templated":true}]}}