   {"id":45,"date":"2020-07-17T19:58:13","date_gmt":"2020-07-17T19:58:13","guid":{"rendered":"https:\/\/paraclimbing.org\/fr\/?page_id=45"},"modified":"2023-07-16T22:28:39","modified_gmt":"2023-07-16T22:28:39","slug":"louverture-des-voies","status":"publish","type":"page","link":"https:\/\/paraclimbing.org\/fr\/louverture-des-voies\/","title":{"rendered":"L\u2019ouverture des voies"},"content":{"rendered":"<p>En fonction du handicap, la difficult\u00e9 et le style (d\u00e9versant, vertical, travers\u00e9e, boules, bacs, di\u00e8dres) d\u2019une voie grimp\u00e9e par les athl\u00e8tes sont tr\u00e8s diff\u00e9rents. Si on regarde seulement la cotation, certaines voies de qualifications commencent \u00e0 5c pour les cat\u00e9gories qui sont tr\u00e8s affect\u00e9es par leur d\u00e9ficience (RP1, AU1, AL1) et peuvent atteindre 8b pour les finales des cat\u00e9gories qui sont moins affect\u00e9es par leur d\u00e9ficience (AL2, RP3).<\/p>\n<p>Dans les comp\u00e9titions IFSC, il y a deux voies de qualification et les meilleurs comp\u00e9titeurs se acc\u00e8dent \u00e0 la finale. Tous les niveaux not\u00e9s ici ont \u00e9t\u00e9 observ\u00e9s dans les voies pour les hommes (les voies des femmes sont un peu plus faciles dans la plupart des cat\u00e9gories) et estim\u00e9s en comp\u00e9tition et peuvent changer avec le temps.<\/p>\n<p>Les voies de comp\u00e9tition sont parfois difficiles \u00e0 \u00e9valuer car leur style est progressif (les voies des salles commerciales sont plus constantes du d\u00e9but \u00e0 la fin) et d\u00e9pend de la voie, peu de comp\u00e9titeurs arrivent \u00e0 la prise finale et peuvent estimer leur niveau.<\/p>\n<figure id=\"attachment_217\" aria-describedby=\"caption-attachment-217\" style=\"width: 351px\" class=\"wp-caption alignright\"><a href=\"https:\/\/paraclimbing.org\/wp-content\/uploads\/2020\/01\/routesetting-20191109_130310-scaled.jpg\" data-rel=\"lightbox-image-0\" data-rl_title=\"\" data-rl_caption=\"\" title=\"\"><img loading=\"lazy\" decoding=\"async\" class=\"wp-image-217 size-medium\" src=\"https:\/\/paraclimbing.org\/wp-content\/uploads\/2020\/01\/routesetting-20191109_130310-351x450.jpg\" alt=\"\" width=\"351\" height=\"450\" \/><\/a><figcaption id=\"caption-attachment-217\" class=\"wp-caption-text\">Les ouvreurs des voies handi-escalade en plein travail<\/figcaption><\/figure>\n<p>Donc, si vous demandez \u201cquel doit \u00eatre mon niveau pour participer aux comp\u00e9titions internationales handi-escalade \u00bb, la r\u00e9ponse est complexe et commence par \u00ab \u00e7a d\u00e9pend\u2026 \u00bb<\/p>\n<p>Les athl\u00e8tes AL1 (en fauteuil roulant, pas de contr\u00f4le de leurs jambes) ne font que du no-foot. Les d\u00e9vers sont pr\u00e9f\u00e9rables pour que leurs jambes ne rasent pas le mur.<\/p>\n<p>Les athl\u00e8tes AL2 (amput\u00e9s jambe) peuvent choisir s\u2019ils souhaitent grimper avec ou sans proth\u00e8se. Les voies doivent \u00eatre ouvertes pour qu\u2019il n\u2019y ait pas de diff\u00e9rence si l\u2019athl\u00e8te utilise une proth\u00e8se ou non et s\u2019il s\u2019agit d\u2019une amputation gauche ou droite. Davantage de prises de pieds pour pouvoir alterner les positions du corps peut beaucoup aider ici. Les travers\u00e9es et di\u00e8dres peuvent etre tr\u00e8s difficile \u00e0 n\u00e9gocier pour ces athl\u00e8tes alors que les d\u00e9vers ne posent aucun probl\u00e8me. Le niveau varie de 7a jusqu\u2019\u00e0 8b dans cette cat\u00e9gorie.<\/p>\n<p><em>Les comp\u00e9titeurs AU1 (amput\u00e9s bras) peuvent seulement utiliser un bras pour grimper. Donc le style des voies est une s\u00e9rie de jet\u00e9s avec un bras. Les travers\u00e9es, les d\u00e9vers et les grands mouvements sur de grosses prises ne sont pas recommand\u00e9s dans cette cat\u00e9gorie. Il est pr\u00e9f\u00e9rable d\u2019ajouter des prises de pied peut aider les athl\u00e8tes \u00e0 mieux positionner leur corps et d\u2019\u00e9viter la diff\u00e9rence droite\/gauche. Il ne doit pas y avoir de diff\u00e9rence en cas d\u2019absence de bras droit ou gauche. Le niveau des voies varie de 5c \u00e0 6b dans cette cat\u00e9gorie. (Notez : AU1 a \u00e9t\u00e9 termin\u00e9 dans 2023 et les athl\u00e8tes grimpent dans la classe RP1. Nouveau d\u00e9puis 2023 : AU3!)<br \/>\n<\/em><\/p>\n<p>Les comp\u00e9titeurs AU2 (amput\u00e9 avant-bras) grimpent avec un bras complet et un moignon. La nature de ce moignon (longueur, diam\u00e8tre, r\u00e9sistance \u00e0 la douleur) peut \u00eatre tr\u00e8s diff\u00e9rente et cela implique son utilisation comme \u00ab crochet \u00bb. L\u2019utilisation de bi-doigts, de mono-doigts et de pinces n\u2019est pas possible avec un seul bras, le placement de pieds pr\u00e9cis est primordial. L\u2019ouverture peut \u00e9viter de nombreuses diff\u00e9rences gauche\/droite en ajoutant des prises de pied. Le niveau va de 6b \u00e0 7b dans cette cat\u00e9gorie.<\/p>\n<p><span class=\"HwtZe\" lang=\"fr\"><span class=\"jCAhz ChMk0b\"><span class=\"ryNqvb\">AU3 (amput\u00e9 doigts) ont une d\u00e9ficience des doigts et\/ou de la (des) main(s).<\/span><\/span> <span class=\"jCAhz ChMk0b\"><span class=\"ryNqvb\">Ils ont un poignet fonctionnel par rapport \u00e0 AU2.<\/span><\/span> <span class=\"jCAhz ChMk0b\"><span class=\"ryNqvb\">Les ouvreurs doit \u00e9viter les diff\u00e9rences gauche\/droite et les prises impossibles \u00e0 utiliser comme les poches pour les doigts ou les pincements.<\/span><\/span><\/span><\/p>\n<p>Les athl\u00e8tes B1 (non-voyants, grimpant avec un bandeau sur les yeux) ne peuvent voir aucune prise et font enti\u00e8rement confiance \u00e0 leur guide qui les dirige sur le mur. Les athl\u00e8tes non-voyants ont le droit \u00e0 une d\u00e9monstration (vid\u00e9o) des voies au pr\u00e9alable, donc le guide peut m\u00e9moriser et s\u2019entrainer et visualiser les mouvements avec l\u2019athl\u00e8te. Ces athl\u00e8tes grimpent de mani\u00e8re tr\u00e8s statique et lentement, donc l\u2019ouverture doit \u00e9viter les mouvements dynamiques. Le niveau va de 6a \u00e0 7a dans cette cat\u00e9gorie<\/p>\n<p><a href=\"https:\/\/paraclimbing.org\/wp-content\/uploads\/2020\/01\/routesetting-20191109_125047-scaled.jpg\" data-rel=\"lightbox-image-1\" data-rl_title=\"\" data-rl_caption=\"\" title=\"\"><img loading=\"lazy\" decoding=\"async\" class=\"alignleft wp-image-216 size-medium\" src=\"https:\/\/paraclimbing.org\/wp-content\/uploads\/2020\/01\/routesetting-20191109_125047-253x450.jpg\" alt=\"\" width=\"253\" height=\"450\" \/><\/a>Les grimpeurs B2, B3 (malvoyants) peuvent voir des parties de la voie mais font \u00e9galement confiance \u00e0 leur guide. Des d\u00e9monstrations vid\u00e9o sont disponibles comme en B1. Comme les athl\u00e8tes B2 et B3 ont un reste visuel, ils peuvent grimper de mani\u00e8re plus efficace et plus rapidement que les B1, mais les mouvements dynamiques sont, ici aussi, impossible. Pour donner aux athl\u00e8tes la meilleure exp\u00e9rience possible, un fort contraste de couleur entre le mur\/volumes et les prises est tr\u00e8s important. Le niveau va de 6b \u00e0 7b dans cette cat\u00e9gorie.<\/p>\n<p>Les grimpeurs RP1 ont une d\u00e9ficience physiologique ou neurologique majeure qui touche plus ou moins tout le corps. Ces limitations peuvent \u00eatre tr\u00e8s diff\u00e9rentes : l\u2019amplitude de mouvements, la coordination, la souplesse, la force. Les ouvreurs doivent offrir des options diff\u00e9rentes, davantage de prises de pieds peuvent aider \u00e0 neutraliser les diff\u00e9rentes capacit\u00e9s. En comparaison avec toutes les autres cat\u00e9gories, c\u2019est une cat\u00e9gorie tr\u00e8s large, certains athl\u00e8tes ont aussi besoin d\u2019un fauteuil roulant. Le style de grimpe est lent et statique. Le niveau va de 5c \u00e0 6c dans cette cat\u00e9gorie.<\/p>\n<p>Les athl\u00e8tes RP2 ont une d\u00e9ficience physiologique ou neurologique moyenne. En comparaison avec les RP1, les limitations sont moins fortes et\/ou touchent moins de parties du corps. Le niveau va de 6b \u00e0 7b dans cette cat\u00e9gorie.<\/p>\n<p>Les athl\u00e8tes RP3 ont une d\u00e9ficience l\u00e9g\u00e8re et peuvent grimper des voies normales. Le niveau varie de 7a \u00e0 8b dans cette cat\u00e9gorie.<\/p>\n<p>Pour toutes les categories, l\u2019ouverture doit faire en sorte que le d\u00e9but des voies soit tr\u00e8s facile pour \u00e9viter aux athl\u00e8tes de faire un retour au sol et devenir plus dur vers le haut pour obtenir une bonne s\u00e9paration entre les athl\u00e8tes.<\/p>\n<p>Si les murs sont d\u00e9versants, deux cordes en moulinette sont utilis\u00e9es. Une depuis le haut de la voie et une deuxi\u00e8me plus bas, ce qui \u00e9vite le retour au sol ou un pendule lors de la chute dans le d\u00e9but de la voie.<\/p>\n<figure id=\"attachment_220\" aria-describedby=\"caption-attachment-220\" style=\"width: 1024px\" class=\"wp-caption alignnone\"><a href=\"https:\/\/paraclimbing.org\/wp-content\/uploads\/2020\/01\/briancon-20170726_212932-2-scaled.jpg\" data-rel=\"lightbox-image-2\" data-rl_title=\"\" data-rl_caption=\"\" title=\"\"><img loading=\"lazy\" decoding=\"async\" class=\"wp-image-220 size-large\" src=\"https:\/\/paraclimbing.org\/wp-content\/uploads\/2020\/01\/briancon-20170726_212932-2-1024x727.jpg\" alt=\"\" width=\"1024\" height=\"727\" \/><\/a><figcaption id=\"caption-attachment-220\" class=\"wp-caption-text\">Deux cordes en moulinette sont utilis\u00e9es dans ce cas. La plus basse emp\u00eache l\u2019athl\u00e8te de se balancer trop loin (dans la nacelle) ou de faire un retour au sol s\u2019il tombe dans la partie basse de la voie.<\/figcaption><\/figure>\n<p>&nbsp;<\/p>\n<p>Plus d&rsquo;information se trouve dans le manual de <a href=\"https:\/\/www.ifsc-climbing.org\/index.php\/2-uncategorised\/448-paraclimbing-resources\">l&rsquo;ouverture des voies<\/a> de l&rsquo;IFSC.<\/p>","protected":false},"excerpt":{"rendered":"<p>En fonction du handicap, la difficult\u00e9 et le style (d\u00e9versant, vertical, travers\u00e9e, boules, bacs, di\u00e8dres) d\u2019une voie grimp\u00e9e par les athl\u00e8tes sont tr\u00e8s diff\u00e9rents. Si &hellip;<\/p>\n","protected":false},"author":1,"featured_media":0,"parent":0,"menu_order":0,"comment_status":"closed","ping_status":"closed","template":"","meta":{"footnotes":""},"class_list":["post-45","page","type-page","status-publish","hentry"],"yoast_head":"<!-- This site is optimized with the Yoast SEO plugin v27.3 - https:\/\/yoast.com\/product\/yoast-seo-wordpress\/ -->\n<title>L\u2019ouverture des voies - Handi Escalade<\/title>\n<meta name=\"robots\" content=\"index, follow, max-snippet:-1, max-image-preview:large, max-video-preview:-1\" \/>\n<link rel=\"canonical\" href=\"https:\/\/paraclimbing.org\/fr\/louverture-des-voies\/\" \/>\n<meta property=\"og:locale\" content=\"fr_FR\" \/>\n<meta property=\"og:type\" content=\"article\" \/>\n<meta property=\"og:title\" content=\"L\u2019ouverture des voies - Handi Escalade\" \/>\n<meta property=\"og:description\" content=\"En fonction du handicap, la difficult\u00e9 et le style (d\u00e9versant, vertical, travers\u00e9e, boules, bacs, di\u00e8dres) d\u2019une voie grimp\u00e9e par les athl\u00e8tes sont tr\u00e8s diff\u00e9rents. Si &hellip;\" \/>\n<meta property=\"og:url\" content=\"https:\/\/paraclimbing.org\/fr\/louverture-des-voies\/\" \/>\n<meta property=\"og:site_name\" content=\"Handi Escalade\" \/>\n<meta property=\"article:modified_time\" content=\"2023-07-16T22:28:39+00:00\" \/>\n<meta property=\"og:image\" content=\"https:\/\/paraclimbing.org\/wp-content\/uploads\/2020\/01\/routesetting-20191109_130310-351x450.jpg\" \/>\n<meta name=\"twitter:card\" content=\"summary_large_image\" \/>\n<meta name=\"twitter:label1\" content=\"Dur\u00e9e de lecture estim\u00e9e\" \/>\n\t<meta name=\"twitter:data1\" content=\"6 minutes\" \/>\n<script type=\"application\/ld+json\" class=\"yoast-schema-graph\">{\"@context\":\"https:\\\/\\\/schema.org\",\"@graph\":[{\"@type\":\"WebPage\",\"@id\":\"https:\\\/\\\/paraclimbing.org\\\/fr\\\/louverture-des-voies\\\/\",\"url\":\"https:\\\/\\\/paraclimbing.org\\\/fr\\\/louverture-des-voies\\\/\",\"name\":\"L\u2019ouverture des voies - Handi Escalade\",\"isPartOf\":{\"@id\":\"https:\\\/\\\/paraclimbing.org\\\/fr\\\/#website\"},\"primaryImageOfPage\":{\"@id\":\"https:\\\/\\\/paraclimbing.org\\\/fr\\\/louverture-des-voies\\\/#primaryimage\"},\"image\":{\"@id\":\"https:\\\/\\\/paraclimbing.org\\\/fr\\\/louverture-des-voies\\\/#primaryimage\"},\"thumbnailUrl\":\"https:\\\/\\\/paraclimbing.org\\\/wp-content\\\/uploads\\\/2020\\\/01\\\/routesetting-20191109_130310-351x450.jpg\",\"datePublished\":\"2020-07-17T19:58:13+00:00\",\"dateModified\":\"2023-07-16T22:28:39+00:00\",\"breadcrumb\":{\"@id\":\"https:\\\/\\\/paraclimbing.org\\\/fr\\\/louverture-des-voies\\\/#breadcrumb\"},\"inLanguage\":\"fr-FR\",\"potentialAction\":[{\"@type\":\"ReadAction\",\"target\":[\"https:\\\/\\\/paraclimbing.org\\\/fr\\\/louverture-des-voies\\\/\"]}]},{\"@type\":\"ImageObject\",\"inLanguage\":\"fr-FR\",\"@id\":\"https:\\\/\\\/paraclimbing.org\\\/fr\\\/louverture-des-voies\\\/#primaryimage\",\"url\":\"https:\\\/\\\/paraclimbing.org\\\/wp-content\\\/uploads\\\/2020\\\/01\\\/routesetting-20191109_130310-351x450.jpg\",\"contentUrl\":\"https:\\\/\\\/paraclimbing.org\\\/wp-content\\\/uploads\\\/2020\\\/01\\\/routesetting-20191109_130310-351x450.jpg\"},{\"@type\":\"BreadcrumbList\",\"@id\":\"https:\\\/\\\/paraclimbing.org\\\/fr\\\/louverture-des-voies\\\/#breadcrumb\",\"itemListElement\":[{\"@type\":\"ListItem\",\"position\":1,\"name\":\"Home\",\"item\":\"https:\\\/\\\/paraclimbing.org\\\/fr\\\/\"},{\"@type\":\"ListItem\",\"position\":2,\"name\":\"L\u2019ouverture des voies\"}]},{\"@type\":\"WebSite\",\"@id\":\"https:\\\/\\\/paraclimbing.org\\\/fr\\\/#website\",\"url\":\"https:\\\/\\\/paraclimbing.org\\\/fr\\\/\",\"name\":\"Handi Escalade\",\"description\":\"Handi Escalade nouveaut\u00e9s internationales\",\"potentialAction\":[{\"@type\":\"SearchAction\",\"target\":{\"@type\":\"EntryPoint\",\"urlTemplate\":\"https:\\\/\\\/paraclimbing.org\\\/fr\\\/?s={search_term_string}\"},\"query-input\":{\"@type\":\"PropertyValueSpecification\",\"valueRequired\":true,\"valueName\":\"search_term_string\"}}],\"inLanguage\":\"fr-FR\"}]}<\/script>\n<!-- \/ Yoast SEO plugin. -->","yoast_head_json":{"title":"L\u2019ouverture des voies - Handi Escalade","robots":{"index":"index","follow":"follow","max-snippet":"max-snippet:-1","max-image-preview":"max-image-preview:large","max-video-preview":"max-video-preview:-1"},"canonical":"https:\/\/paraclimbing.org\/fr\/louverture-des-voies\/","og_locale":"fr_FR","og_type":"article","og_title":"L\u2019ouverture des voies - Handi Escalade","og_description":"En fonction du handicap, la difficult\u00e9 et le style (d\u00e9versant, vertical, travers\u00e9e, boules, bacs, di\u00e8dres) d\u2019une voie grimp\u00e9e par les athl\u00e8tes sont tr\u00e8s diff\u00e9rents. Si &hellip;","og_url":"https:\/\/paraclimbing.org\/fr\/louverture-des-voies\/","og_site_name":"Handi Escalade","article_modified_time":"2023-07-16T22:28:39+00:00","og_image":[{"url":"https:\/\/paraclimbing.org\/wp-content\/uploads\/2020\/01\/routesetting-20191109_130310-351x450.jpg","type":"","width":"","height":""}],"twitter_card":"summary_large_image","twitter_misc":{"Dur\u00e9e de lecture estim\u00e9e":"6 minutes"},"schema":{"@context":"https:\/\/schema.org","@graph":[{"@type":"WebPage","@id":"https:\/\/paraclimbing.org\/fr\/louverture-des-voies\/","url":"https:\/\/paraclimbing.org\/fr\/louverture-des-voies\/","name":"L\u2019ouverture des voies - Handi Escalade","isPartOf":{"@id":"https:\/\/paraclimbing.org\/fr\/#website"},"primaryImageOfPage":{"@id":"https:\/\/paraclimbing.org\/fr\/louverture-des-voies\/#primaryimage"},"image":{"@id":"https:\/\/paraclimbing.org\/fr\/louverture-des-voies\/#primaryimage"},"thumbnailUrl":"https:\/\/paraclimbing.org\/wp-content\/uploads\/2020\/01\/routesetting-20191109_130310-351x450.jpg","datePublished":"2020-07-17T19:58:13+00:00","dateModified":"2023-07-16T22:28:39+00:00","breadcrumb":{"@id":"https:\/\/paraclimbing.org\/fr\/louverture-des-voies\/#breadcrumb"},"inLanguage":"fr-FR","potentialAction":[{"@type":"ReadAction","target":["https:\/\/paraclimbing.org\/fr\/louverture-des-voies\/"]}]},{"@type":"ImageObject","inLanguage":"fr-FR","@id":"https:\/\/paraclimbing.org\/fr\/louverture-des-voies\/#primaryimage","url":"https:\/\/paraclimbing.org\/wp-content\/uploads\/2020\/01\/routesetting-20191109_130310-351x450.jpg","contentUrl":"https:\/\/paraclimbing.org\/wp-content\/uploads\/2020\/01\/routesetting-20191109_130310-351x450.jpg"},{"@type":"BreadcrumbList","@id":"https:\/\/paraclimbing.org\/fr\/louverture-des-voies\/#breadcrumb","itemListElement":[{"@type":"ListItem","position":1,"name":"Home","item":"https:\/\/paraclimbing.org\/fr\/"},{"@type":"ListItem","position":2,"name":"L\u2019ouverture des voies"}]},{"@type":"WebSite","@id":"https:\/\/paraclimbing.org\/fr\/#website","url":"https:\/\/paraclimbing.org\/fr\/","name":"Handi Escalade","description":"Handi Escalade nouveaut\u00e9s internationales","potentialAction":[{"@type":"SearchAction","target":{"@type":"EntryPoint","urlTemplate":"https:\/\/paraclimbing.org\/fr\/?s={search_term_string}"},"query-input":{"@type":"PropertyValueSpecification","valueRequired":true,"valueName":"search_term_string"}}],"inLanguage":"fr-FR"}]}},"_links":{"self":[{"href":"https:\/\/paraclimbing.org\/fr\/wp-json\/wp\/v2\/pages\/45","targetHints":{"allow":["GET"]}}],"collection":[{"href":"https:\/\/paraclimbing.org\/fr\/wp-json\/wp\/v2\/pages"}],"about":[{"href":"https:\/\/paraclimbing.org\/fr\/wp-json\/wp\/v2\/types\/page"}],"author":[{"embeddable":true,"href":"https:\/\/paraclimbing.org\/fr\/wp-json\/wp\/v2\/users\/1"}],"replies":[{"embeddable":true,"href":"https:\/\/paraclimbing.org\/fr\/wp-json\/wp\/v2\/comments?post=45"}],"version-history":[{"count":4,"href":"https:\/\/paraclimbing.org\/fr\/wp-json\/wp\/v2\/pages\/45\/revisions"}],"predecessor-version":[{"id":199,"href":"https:\/\/paraclimbing.org\/fr\/wp-json\/wp\/v2\/pages\/45\/revisions\/199"}],"wp:attachment":[{"href":"https:\/\/paraclimbing.org\/fr\/wp-json\/wp\/v2\/media?parent=45"}],"curies":[{"name":"wp","href":"https:\/\/api.w.org\/{rel}","templated":true}]}}