   {"id":42,"date":"2020-07-16T18:46:52","date_gmt":"2020-07-16T18:46:52","guid":{"rendered":"https:\/\/paraclimbing.org\/fr\/?page_id=42"},"modified":"2023-08-17T15:03:02","modified_gmt":"2023-08-17T15:03:02","slug":"classification","status":"publish","type":"page","link":"https:\/\/paraclimbing.org\/fr\/classification\/","title":{"rendered":"Classification"},"content":{"rendered":"<p>NB : cet article d\u00e9crit le syst\u00e8me de classification de l\u2019IFSC, les syst\u00e8mes nationaux peuvent \u00eatre diff\u00e9rents.<\/p>\n<p>Les d\u00e9ficiences peuvent \u00eatre tr\u00e8s diff\u00e9rentes ainsi que le niveau en escalade. Pour assurer une comp\u00e9tition juste, les athl\u00e8tes sont class\u00e9s pour concourir avec des athl\u00e8tes ayant un m\u00eame niveau de d\u00e9ficience. En handi-escalade, il y a 10 cat\u00e9gories diff\u00e9rentes pour le moment.<\/p>\n<ul>\n<li>Les d\u00e9ficients visuels (B1, B2, B3)<\/li>\n<li>Les amput\u00e9s (AU2, AU3, AL1, AL2)<\/li>\n<li>Force, stabilit\u00e9 ou amplitude limit\u00e9e (RP1, RP2, RP3)<\/li>\n<\/ul>\n<p>Notez : AU1 a \u00e9t\u00e9 termin\u00e9 dans 2023 et les athl\u00e8tes grimpent dans la classe RP1. Nouveau d\u00e9puis 2023 : AU3!<\/p>\n<p>Un num\u00e9ro plus \u00e9lev\u00e9 indique une fonctionnalit\u00e9 plus importante (moins de d\u00e9ficience), un nombre plus bas indique une fonctionnalit\u00e9 moins importante (une plus grande d\u00e9ficience). Cela veut donc dire que les athl\u00e8tes B1 sont non-voyants et doivent grimper avec un bandeau sur les yeux. Ils ont une acuit\u00e9 vusuelle moins que 2,6 LogMAR. Les athl\u00e8tes B2 ont une acuit\u00e9 visuelle entre 1,5 et 2,6 LogMAR et\/ou un champ visuel de moins de 10 degr\u00e9s de diam\u00e8tre, les athl\u00e8tes B3 ont une acuit\u00e9 visuelle entre 1,4 et 1,0 LogMAR et un champ visuel entre 10 et 40 degr\u00e9s de diam\u00e8tre. Les grimpeurs d\u00e9ficients visuels ont un guide qui leurs annonce les prises et les mouvements \u00e0 r\u00e9aliser.<\/p>\n<figure id=\"attachment_225\" aria-describedby=\"caption-attachment-225\" style=\"width: 450px\" class=\"wp-caption alignright\"><a href=\"https:\/\/paraclimbing.org\/wp-content\/uploads\/2020\/01\/AU2-20181111_122424-scaled.jpg\" data-rel=\"lightbox-image-0\" data-rl_title=\"\" data-rl_caption=\"\" title=\"\"><img loading=\"lazy\" decoding=\"async\" class=\"wp-image-225 size-medium\" src=\"https:\/\/paraclimbing.org\/wp-content\/uploads\/2020\/01\/AU2-20181111_122424-450x338.jpg\" alt=\"\" width=\"450\" height=\"338\" \/><\/a><figcaption id=\"caption-attachment-225\" class=\"wp-caption-text\">AU2 : amput\u00e9s avant-bras \/ d\u00e9ficience d\u2019un membre<\/figcaption><\/figure>\n<p>Les athletes AU1 n\u2019ont qu\u2019un bras fonctionnel, donc leur style d\u2019escalade correspond \u00e0 des mouvements dynamiques avec un bras. Ils ont besoin de savoir placer leurs pieds et leur corps avec pr\u00e9cision pour compenser l\u2019absence d\u2019un bras.<\/p>\n<p>Les athl\u00e8tes AU2 sont amput\u00e9s d\u2019un avant-bras ou ont une d\u00e9ficience d\u2019un membre, donc l\u2019athl\u00e8te poss\u00e8de un bras valide et un moignon. Leur amplitude est limit\u00e9e, l\u2019utilisation de pinces, de mono-doigts et bi-doigts est \u00e9galement impossible avec le bras atteint.<\/p>\n<p><em>Les athl\u00e8tes AL1 sont ceux qui utilisent un fauteuil roulant car ils n\u2019ont pas l\u2019usage de leurs jambes ou sont amput\u00e9s des deux jambes au niveau de la hanche. Leur style d\u2019escalade est uniquement en \u00ab no-foot \u00bb comme ils n\u2019ont pas l\u2019usage de leurs jambes. (Lisez la note sur AU1 au d\u00e9but !)<br \/>\n<\/em><\/p>\n<figure id=\"attachment_213\" aria-describedby=\"caption-attachment-213\" style=\"width: 450px\" class=\"wp-caption alignleft\"><a href=\"https:\/\/paraclimbing.org\/wp-content\/uploads\/2020\/01\/innsbruck-IMG_4208-scaled-e1578424525796.jpg\" data-rel=\"lightbox-image-1\" data-rl_title=\"\" data-rl_caption=\"\" title=\"\"><img loading=\"lazy\" decoding=\"async\" class=\"wp-image-213 size-medium\" src=\"https:\/\/paraclimbing.org\/wp-content\/uploads\/2020\/01\/innsbruck-IMG_4208-450x300.jpg\" alt=\"\" width=\"450\" height=\"300\" \/><\/a><figcaption id=\"caption-attachment-213\" class=\"wp-caption-text\">Thomas Meier, athl\u00e8te allemand AL2 avec sa proth\u00e8se de jambe (jambe tendue)<\/figcaption><\/figure>\n<p>Les athl\u00e8tes AL2 ont au moins une jambe amput\u00e9e ou une d\u00e9ficience d\u2019un membre -quelque soit la longueur. Le crit\u00e8re minimum est qu\u2019ils ne poss\u00e8dent pas de cheville. Les athl\u00e8tes peuvent choisir s\u2019ils veulent grimper avec ou sans proth\u00e8se. Le style d\u2019escalade est tr\u00e8s diff\u00e9rent en fonction de l\u2019utilisation ou non d\u2019une proth\u00e8se. Il y a aussi une diff\u00e9rence s\u2019il s\u2019agit d\u2019une amputation ou d\u00e9ficience au-dessus ou en dessous du genou, car l\u2019articulation suppl\u00e9mentaire permet des crochetages sp\u00e9cifiques qui peuvent aider en d\u00e9vers.<\/p>\n<p>Dans AU3, is y a seulement limitations aux niveau du main ou du doigts et les chevilles existent avenc functionalit\u00e9.<\/p>\n<p>Les athl\u00e8tes RP peuvent avoir des d\u00e9ficiences physiologiques ou neurologiques qui peuvent \u00eatre tr\u00e8s diff\u00e9rentes. Certains athl\u00e8tes des cat\u00e9gories inf\u00e9rieures ont besoin d\u2019un fauteuil roulant, alors que d\u2019autres sont limit\u00e9s par d\u2019autres facteurs (souplesse, coordination, force). Les styles d\u2019escalade sont tr\u00e8s diff\u00e9rents et, en g\u00e9n\u00e9ral, dans les cat\u00e9gories RP, il y a beaucoup plus de d\u00e9ficiences diff\u00e9rentes au sein de la m\u00eame cat\u00e9gorie que dans d\u2019autres cat\u00e9gories.<\/p>\n<p>Les ouvertures de voies doivent \u00eatre sp\u00e9cifiques \u00e0 chaque cat\u00e9gorie. Pour plus d\u2019informations \u00e0 ce sujet, vous pouvez consulter la page sur l\u2019ouverture en handi-escalade.<\/p>\n<h2>Comment les athl\u00e8tes sont-ils class\u00e9s ?<\/h2>\n<p>Juste avant une comp\u00e9tition officielle de l\u2019IFSC (Coupes du Monde ou Championnats du Monde), un examen m\u00e9dical est mis en place pour les nouveaux comp\u00e9titeurs. Lors de cet examen, les comp\u00e9titeurs pr\u00e9sentent leurs documents m\u00e9dicaux et sont examin\u00e9s pour d\u00e9terminer leur cat\u00e9gorie.<\/p>\n<h2>Comment participer \u00e0 une comp\u00e9tition ?<\/h2>\n<p>Contactez votre f\u00e9d\u00e9ration nationale et demandez s\u2019ils ont des structures accueillant des grimpeurs handi et comment vous pouvez participer.<\/p>\n<h2>Qui ne peut pas participer ?<\/h2>\n<ul>\n<li>Les athl\u00e8tes avec un champ visuel de plus de 20% et\/ou une acuit\u00e9 visuelle de plus de 6\/60<\/li>\n<li>Les sourds et mal-entendants<\/li>\n<li>Les personnes greff\u00e9es<\/li>\n<li>Les athl\u00e8tes pr\u00e9sentant un handicap mental (pour les comp\u00e9titions de l\u2019IFSC ! Des comp\u00e9titions diff\u00e9rentes peuvent avoir lieu pour ces athl\u00e8tes \u00e0 un niveau national.)<\/li>\n<\/ul>\n<p>En plus, il y a de crit\u00e8re de d\u00e9ficience minimum d\u00e9fini pour chaque des cat\u00e9gories.<\/p>\n<h2>Fusion des cat\u00e9gories<\/h2>\n<p>Dans le but d\u2019une comp\u00e9tition digne de ce nom, l\u2019IFSC a d\u00e9fini un nombre minimum d\u2019athl\u00e8tes pour ouvrir une cat\u00e9gorie. 4 athl\u00e8tes de 3 pays diff\u00e9rents sont n\u00e9cessaires pour ouvrir une cat\u00e9gorie en Coupe du Monde, 6 athl\u00e8tes de 4 pays diff\u00e9rents pour ouvrir une cat\u00e9gorie en Championnat du Monde. S\u2019il y a un nombre insuffisant d\u2019athl\u00e8tes pour une cat\u00e9gorie, elle n\u2019est pas ouverte et ces athl\u00e8tes ne sont pas autoris\u00e9s \u00e0 participer.<\/p>\n<p>Comme il est pr\u00e9f\u00e9rable d\u2019avoir une comp\u00e9tition injuste plut\u00f4t que de ne pas avoir de comp\u00e9titon, le r\u00e8glement donne l\u2019option de fusionner certaines cat\u00e9gories pour autoriser plus d\u2019athl\u00e8tes \u00e0 participer.<\/p>\n<p><img loading=\"lazy\" decoding=\"async\" class=\"size-medium wp-image-4284 aligncenter\" src=\"https:\/\/paraclimbing.org\/wp-content\/uploads\/2023\/07\/merging-4-450x229.png\" alt=\"\" width=\"450\" height=\"229\" \/><\/p>\n<p>Il reste encore des faiblesses dans le sch\u00e9ma de fusion actuel : si les cat\u00e9gories B3 ou RP3 n\u2019ont pas assez d\u2019athl\u00e8tes, et que les cat\u00e9gories resstantes dans le sch\u00e9ma exc\u00e8dent le crit\u00e8re minimum, les cat\u00e9gories B3 et RP3 ne sont pas ouvertes pour la comp\u00e9titon. Donc, le probl\u00e8me est toujours du cot\u00e9 droit du sch\u00e9ma, car il ne reste plus de cat\u00e9gories avec lesquelles les fusionner.<\/p>\n<p>Si on \u00e9tudie les statistiques, on remarque clairement que le concept de fusion est n\u00e9cessaire m\u00eame avec la croissance de ces derni\u00e8res ann\u00e9es : en th\u00e9orie, nous pourrions avoir 20 cat\u00e9gories si toutes les cat\u00e9gories exc\u00e8dent le crit\u00e8re seuil. Le Championnat du Monde d\u2019Innsbruck de 2018 comptait 12 cat\u00e9gories et podiums, le Championnat du Monde de Brian\u00e7on de 2019 comptait 14 podiums. Donc la croissance est encore possible.<\/p>\n<p>Les cat\u00e9gories qui ont tendance \u00e0 avoir trop peu de participants :<\/p>\n<p>Chez les hommes : AU1, AL1<\/p>\n<p>Chez les femmes : AU1, AU2, AL1, AL2, RP1, RP2, RP3,B1, B2, B3<\/p>","protected":false},"excerpt":{"rendered":"<p>NB : cet article d\u00e9crit le syst\u00e8me de classification de l\u2019IFSC, les syst\u00e8mes nationaux peuvent \u00eatre diff\u00e9rents. Les d\u00e9ficiences peuvent \u00eatre tr\u00e8s diff\u00e9rentes ainsi que &hellip;<\/p>\n","protected":false},"author":1,"featured_media":0,"parent":0,"menu_order":0,"comment_status":"closed","ping_status":"closed","template":"","meta":{"footnotes":""},"class_list":["post-42","page","type-page","status-publish","hentry"],"yoast_head":"<!-- This site is optimized with the Yoast SEO plugin v27.3 - https:\/\/yoast.com\/product\/yoast-seo-wordpress\/ -->\n<title>Classification - Handi Escalade<\/title>\n<meta name=\"robots\" content=\"index, follow, max-snippet:-1, max-image-preview:large, max-video-preview:-1\" \/>\n<link rel=\"canonical\" href=\"https:\/\/paraclimbing.org\/fr\/classification\/\" \/>\n<meta property=\"og:locale\" content=\"fr_FR\" \/>\n<meta property=\"og:type\" content=\"article\" \/>\n<meta property=\"og:title\" content=\"Classification - Handi Escalade\" \/>\n<meta property=\"og:description\" content=\"NB : cet article d\u00e9crit le syst\u00e8me de classification de l\u2019IFSC, les syst\u00e8mes nationaux peuvent \u00eatre diff\u00e9rents. Les d\u00e9ficiences peuvent \u00eatre tr\u00e8s diff\u00e9rentes ainsi que &hellip;\" \/>\n<meta property=\"og:url\" content=\"https:\/\/paraclimbing.org\/fr\/classification\/\" \/>\n<meta property=\"og:site_name\" content=\"Handi Escalade\" \/>\n<meta property=\"article:modified_time\" content=\"2023-08-17T15:03:02+00:00\" \/>\n<meta property=\"og:image\" content=\"https:\/\/paraclimbing.org\/wp-content\/uploads\/2020\/01\/AU2-20181111_122424-450x338.jpg\" \/>\n<meta name=\"twitter:card\" content=\"summary_large_image\" \/>\n<meta name=\"twitter:label1\" content=\"Dur\u00e9e de lecture estim\u00e9e\" \/>\n\t<meta name=\"twitter:data1\" content=\"6 minutes\" \/>\n<script type=\"application\/ld+json\" class=\"yoast-schema-graph\">{\"@context\":\"https:\\\/\\\/schema.org\",\"@graph\":[{\"@type\":\"WebPage\",\"@id\":\"https:\\\/\\\/paraclimbing.org\\\/fr\\\/classification\\\/\",\"url\":\"https:\\\/\\\/paraclimbing.org\\\/fr\\\/classification\\\/\",\"name\":\"Classification - Handi Escalade\",\"isPartOf\":{\"@id\":\"https:\\\/\\\/paraclimbing.org\\\/fr\\\/#website\"},\"primaryImageOfPage\":{\"@id\":\"https:\\\/\\\/paraclimbing.org\\\/fr\\\/classification\\\/#primaryimage\"},\"image\":{\"@id\":\"https:\\\/\\\/paraclimbing.org\\\/fr\\\/classification\\\/#primaryimage\"},\"thumbnailUrl\":\"https:\\\/\\\/paraclimbing.org\\\/wp-content\\\/uploads\\\/2020\\\/01\\\/AU2-20181111_122424-450x338.jpg\",\"datePublished\":\"2020-07-16T18:46:52+00:00\",\"dateModified\":\"2023-08-17T15:03:02+00:00\",\"breadcrumb\":{\"@id\":\"https:\\\/\\\/paraclimbing.org\\\/fr\\\/classification\\\/#breadcrumb\"},\"inLanguage\":\"fr-FR\",\"potentialAction\":[{\"@type\":\"ReadAction\",\"target\":[\"https:\\\/\\\/paraclimbing.org\\\/fr\\\/classification\\\/\"]}]},{\"@type\":\"ImageObject\",\"inLanguage\":\"fr-FR\",\"@id\":\"https:\\\/\\\/paraclimbing.org\\\/fr\\\/classification\\\/#primaryimage\",\"url\":\"https:\\\/\\\/paraclimbing.org\\\/wp-content\\\/uploads\\\/2020\\\/01\\\/AU2-20181111_122424-450x338.jpg\",\"contentUrl\":\"https:\\\/\\\/paraclimbing.org\\\/wp-content\\\/uploads\\\/2020\\\/01\\\/AU2-20181111_122424-450x338.jpg\"},{\"@type\":\"BreadcrumbList\",\"@id\":\"https:\\\/\\\/paraclimbing.org\\\/fr\\\/classification\\\/#breadcrumb\",\"itemListElement\":[{\"@type\":\"ListItem\",\"position\":1,\"name\":\"Home\",\"item\":\"https:\\\/\\\/paraclimbing.org\\\/fr\\\/\"},{\"@type\":\"ListItem\",\"position\":2,\"name\":\"Classification\"}]},{\"@type\":\"WebSite\",\"@id\":\"https:\\\/\\\/paraclimbing.org\\\/fr\\\/#website\",\"url\":\"https:\\\/\\\/paraclimbing.org\\\/fr\\\/\",\"name\":\"Handi Escalade\",\"description\":\"Handi Escalade nouveaut\u00e9s internationales\",\"potentialAction\":[{\"@type\":\"SearchAction\",\"target\":{\"@type\":\"EntryPoint\",\"urlTemplate\":\"https:\\\/\\\/paraclimbing.org\\\/fr\\\/?s={search_term_string}\"},\"query-input\":{\"@type\":\"PropertyValueSpecification\",\"valueRequired\":true,\"valueName\":\"search_term_string\"}}],\"inLanguage\":\"fr-FR\"}]}<\/script>\n<!-- \/ Yoast SEO plugin. -->","yoast_head_json":{"title":"Classification - Handi Escalade","robots":{"index":"index","follow":"follow","max-snippet":"max-snippet:-1","max-image-preview":"max-image-preview:large","max-video-preview":"max-video-preview:-1"},"canonical":"https:\/\/paraclimbing.org\/fr\/classification\/","og_locale":"fr_FR","og_type":"article","og_title":"Classification - Handi Escalade","og_description":"NB : cet article d\u00e9crit le syst\u00e8me de classification de l\u2019IFSC, les syst\u00e8mes nationaux peuvent \u00eatre diff\u00e9rents. Les d\u00e9ficiences peuvent \u00eatre tr\u00e8s diff\u00e9rentes ainsi que &hellip;","og_url":"https:\/\/paraclimbing.org\/fr\/classification\/","og_site_name":"Handi Escalade","article_modified_time":"2023-08-17T15:03:02+00:00","og_image":[{"url":"https:\/\/paraclimbing.org\/wp-content\/uploads\/2020\/01\/AU2-20181111_122424-450x338.jpg","type":"","width":"","height":""}],"twitter_card":"summary_large_image","twitter_misc":{"Dur\u00e9e de lecture estim\u00e9e":"6 minutes"},"schema":{"@context":"https:\/\/schema.org","@graph":[{"@type":"WebPage","@id":"https:\/\/paraclimbing.org\/fr\/classification\/","url":"https:\/\/paraclimbing.org\/fr\/classification\/","name":"Classification - Handi Escalade","isPartOf":{"@id":"https:\/\/paraclimbing.org\/fr\/#website"},"primaryImageOfPage":{"@id":"https:\/\/paraclimbing.org\/fr\/classification\/#primaryimage"},"image":{"@id":"https:\/\/paraclimbing.org\/fr\/classification\/#primaryimage"},"thumbnailUrl":"https:\/\/paraclimbing.org\/wp-content\/uploads\/2020\/01\/AU2-20181111_122424-450x338.jpg","datePublished":"2020-07-16T18:46:52+00:00","dateModified":"2023-08-17T15:03:02+00:00","breadcrumb":{"@id":"https:\/\/paraclimbing.org\/fr\/classification\/#breadcrumb"},"inLanguage":"fr-FR","potentialAction":[{"@type":"ReadAction","target":["https:\/\/paraclimbing.org\/fr\/classification\/"]}]},{"@type":"ImageObject","inLanguage":"fr-FR","@id":"https:\/\/paraclimbing.org\/fr\/classification\/#primaryimage","url":"https:\/\/paraclimbing.org\/wp-content\/uploads\/2020\/01\/AU2-20181111_122424-450x338.jpg","contentUrl":"https:\/\/paraclimbing.org\/wp-content\/uploads\/2020\/01\/AU2-20181111_122424-450x338.jpg"},{"@type":"BreadcrumbList","@id":"https:\/\/paraclimbing.org\/fr\/classification\/#breadcrumb","itemListElement":[{"@type":"ListItem","position":1,"name":"Home","item":"https:\/\/paraclimbing.org\/fr\/"},{"@type":"ListItem","position":2,"name":"Classification"}]},{"@type":"WebSite","@id":"https:\/\/paraclimbing.org\/fr\/#website","url":"https:\/\/paraclimbing.org\/fr\/","name":"Handi Escalade","description":"Handi Escalade nouveaut\u00e9s internationales","potentialAction":[{"@type":"SearchAction","target":{"@type":"EntryPoint","urlTemplate":"https:\/\/paraclimbing.org\/fr\/?s={search_term_string}"},"query-input":{"@type":"PropertyValueSpecification","valueRequired":true,"valueName":"search_term_string"}}],"inLanguage":"fr-FR"}]}},"_links":{"self":[{"href":"https:\/\/paraclimbing.org\/fr\/wp-json\/wp\/v2\/pages\/42","targetHints":{"allow":["GET"]}}],"collection":[{"href":"https:\/\/paraclimbing.org\/fr\/wp-json\/wp\/v2\/pages"}],"about":[{"href":"https:\/\/paraclimbing.org\/fr\/wp-json\/wp\/v2\/types\/page"}],"author":[{"embeddable":true,"href":"https:\/\/paraclimbing.org\/fr\/wp-json\/wp\/v2\/users\/1"}],"replies":[{"embeddable":true,"href":"https:\/\/paraclimbing.org\/fr\/wp-json\/wp\/v2\/comments?post=42"}],"version-history":[{"count":9,"href":"https:\/\/paraclimbing.org\/fr\/wp-json\/wp\/v2\/pages\/42\/revisions"}],"predecessor-version":[{"id":213,"href":"https:\/\/paraclimbing.org\/fr\/wp-json\/wp\/v2\/pages\/42\/revisions\/213"}],"wp:attachment":[{"href":"https:\/\/paraclimbing.org\/fr\/wp-json\/wp\/v2\/media?parent=42"}],"curies":[{"name":"wp","href":"https:\/\/api.w.org\/{rel}","templated":true}]}}