   {"id":26,"date":"2020-07-14T18:41:19","date_gmt":"2020-07-14T18:41:19","guid":{"rendered":"https:\/\/paraclimbing.org\/fr\/?page_id=26"},"modified":"2025-06-08T13:47:30","modified_gmt":"2025-06-08T13:47:30","slug":"quest-ce-que-le-handi-escalade","status":"publish","type":"page","link":"https:\/\/paraclimbing.org\/fr\/","title":{"rendered":"Qu\u2019est-ce que le handi-escalade ?"},"content":{"rendered":"<p>Le handi-escalade, ou handi-grimpe (\u00ab paraclimbing \u00bb en anglais) est un sport pour toute personne affect\u00e9e par un handicap. Le pr\u00e9sent site web a pour but d\u2019informer \u00e0 propos des activit\u00e9s li\u00e9es au handi-grimpe \u00e0 travers le monde quelle qu\u2019elles soient ; il peut s\u2019agir de comp\u00e9titions ou d\u2019escalade en ext\u00e9rieur. La premi\u00e8re comp\u00e9tition internationale de handi-escalade fut organis\u00e9e en France en 2003. Dans les ann\u00e9es qui suivirent, le handi-escalade a gagn\u00e9 en popularit\u00e9 et les premiers championnats du monde furent organis\u00e9s \u00e0 Arco par la f\u00e9d\u00e9ration internationale d\u2019escalade, l\u2019IFSC. Nous avons recueilli ici quelques informations \u00e0 propos d\u2019\u00e9v\u00e8nements pass\u00e9s de ce type \u2013vous pouvez pour cela consulter la page d\u00e9di\u00e9e, \u00ab pr\u00e9c\u00e9dentes comp\u00e9titions \u00bb. <span class=\"HwtZe\" lang=\"fr\"><span class=\"jCAhz ChMk0b\"><span class=\"ryNqvb\">En 2016, l&rsquo;IFSC a obtenu le statut de \u00ab F\u00e9d\u00e9ration reconnue \u00bb par le Comit\u00e9 international paralympique.<\/span><\/span> <span class=\"jCAhz ChMk0b\"><span class=\"ryNqvb\">L&rsquo;escalade handisport sera au programme des Jeux paralympiques de Los Angeles 2028\u00a0!<\/span><\/span><\/span><\/p>\n<p><img loading=\"lazy\" decoding=\"async\" class=\"size-medium wp-image-405 alignleft\" src=\"https:\/\/paraclimbing.org\/wp-content\/uploads\/2020\/01\/20191202_093022-450x338.jpg\" alt=\"\" width=\"450\" height=\"338\" \/>En termes d\u2019escalade en ext\u00e9rieur, certaines performances remarquables m\u00e9ritent d\u2019\u00eatre mentionn\u00e9es ; tel que des premi\u00e8res allant jusqu\u2019au 8b\/8b+ pour le grimpeur allemand amput\u00e9 d\u2019une jambe Thomas Meier ou encore la r\u00e9p\u00e9tition de \u00ab Old Man of Hoy \u00bb (137 m d\u2019escalade traditionnelle) par Jesse Dufton, un grimpeur britannique malvoyant. En comp\u00e9tition, l\u2019escalade est habituellement pratiqu\u00e9e sous trois formats diff\u00e9rents : le bloc, la vitesse et la difficult\u00e9 (les voies). Ces derni\u00e8res ann\u00e9es, pour des raisons pratiques essentiellement, c\u2019est la difficult\u00e9 qui a \u00e9t\u00e9 le format de choix pour le handi-escalade et il n\u2019y a pas eu de comp\u00e9tition handi-escalade de bloc ou de vitesse. En handi-escalade, les comp\u00e9titions de difficult\u00e9 se font en moulinette, c\u2019est-\u00e0-dire assur\u00e9 du haut (la chute en t\u00eate pouvant s\u2019av\u00e9rer probl\u00e9matique pour certaines cat\u00e9gories). Dans le cas assez fr\u00e9quent ou les voies sont d\u00e9versantes, deux cordes sont alors utilis\u00e9es pour s\u00e9curiser le\/la grimpeur\/se L\u2019une des cordes est une moulinette classique au sommet de la voie tandis qu\u2019une deuxi\u00e8me corde, g\u00e9n\u00e9ralement mousquetonn\u00e9e dans une d\u00e9gaine vers le bas de la voie emp\u00eache un pendule en cas de chute.<\/p>\n<p>Dans l\u2019optique de rendre la comp\u00e9tition aussi \u00e9quitable que possible, les athl\u00e8tes concourent dans des cat\u00e9gories sp\u00e9cifiques \u00e0 leur handicap, pour que, par exemple, une personne non-voyante ne soit pas en comp\u00e9tition avec une personne en fauteuil. Les informations relatives aux diverses cat\u00e9gories sont disponibles ici.<\/p>\n<p><a href=\"https:\/\/paraclimbing.org\/wp-content\/uploads\/2020\/01\/edinburgh-20170924_182852-scaled-e1578835491522.jpg\" data-bcup-haslogintext=\"no\" data-rel=\"lightbox-image-0\" data-rl_title=\"\" data-rl_caption=\"\" title=\"\"><img loading=\"lazy\" decoding=\"async\" class=\"alignright wp-image-253 size-medium\" src=\"https:\/\/paraclimbing.org\/wp-content\/uploads\/2020\/01\/edinburgh-20170924_182852-scaled-e1578835491522-450x374.jpg\" alt=\"\" width=\"450\" height=\"374\" \/><\/a><\/p>\n<p>Dans les comp\u00e9titions internationales, le classement est \u2013comme pour les valides\u2013 \u00e9tabli en fonction de la hauteur atteinte dans la voie et l\u2019escalade se fait dans des voies qui sont inconnues des grimpeurs (ils ne les ont pas essay\u00e9es auparavant). Dans le cas d\u2019une \u00e9galit\u00e9, par exemple pour deux grimpeurs qui seraient tomb\u00e9s tous deux au niveau de la m\u00eame prise, c\u2019est le classement du tour pr\u00e9c\u00e9dent qui les d\u00e9partage. Lors d\u2019une finale, on utiliserait alors le r\u00e9sultat des qualifications. Dans le cas o\u00f9 ceci ne permettrait toujours pas de les d\u00e9partager (m\u00eame r\u00e9sultats aux qualifications), ce serait alors le temps mis pour atteindre leur ultime prise qui serait utilis\u00e9. Les grimpeurs malvoyants utilisent un guide avec qui ils font la lecture de la voie et qui leur donne des instructions lors de l\u2019escalade depuis le sol ; un syst\u00e8me de micro et oreillette peut \u00eatre utilis\u00e9. Les amput\u00e9s jambe ont le choix de l\u2019utilisation d\u2019une proth\u00e8se ou non ; ce n\u2019est pas le cas des amput\u00e9s bras pour lesquels l\u2019utilisation d\u2019une proth\u00e8se n\u2019est pas permise. On notera que le mat\u00e9riel de protection comme le strappal, est consid\u00e9r\u00e9 comme une assistance l\u00e9gitime.<\/p>","protected":false},"excerpt":{"rendered":"<p>Le handi-escalade, ou handi-grimpe (\u00ab paraclimbing \u00bb en anglais) est un sport pour toute personne affect\u00e9e par un handicap. Le pr\u00e9sent site web a pour &hellip;<\/p>\n","protected":false},"author":1,"featured_media":0,"parent":0,"menu_order":0,"comment_status":"closed","ping_status":"closed","template":"","meta":{"footnotes":""},"class_list":["post-26","page","type-page","status-publish","hentry"],"yoast_head":"<!-- This site is optimized with the Yoast SEO plugin v27.3 - https:\/\/yoast.com\/product\/yoast-seo-wordpress\/ -->\n<title>Qu\u2019est-ce que le handi-escalade ? - Handi Escalade<\/title>\n<meta name=\"robots\" content=\"index, follow, max-snippet:-1, max-image-preview:large, max-video-preview:-1\" \/>\n<link rel=\"canonical\" href=\"https:\/\/paraclimbing.org\/fr\/\" \/>\n<meta property=\"og:locale\" content=\"fr_FR\" \/>\n<meta property=\"og:type\" content=\"article\" \/>\n<meta property=\"og:title\" content=\"Qu\u2019est-ce que le handi-escalade ? - Handi Escalade\" \/>\n<meta property=\"og:description\" content=\"Le handi-escalade, ou handi-grimpe (\u00ab paraclimbing \u00bb en anglais) est un sport pour toute personne affect\u00e9e par un handicap. Le pr\u00e9sent site web a pour &hellip;\" \/>\n<meta property=\"og:url\" content=\"https:\/\/paraclimbing.org\/fr\/\" \/>\n<meta property=\"og:site_name\" content=\"Handi Escalade\" \/>\n<meta property=\"article:modified_time\" content=\"2025-06-08T13:47:30+00:00\" \/>\n<meta property=\"og:image\" content=\"https:\/\/paraclimbing.org\/wp-content\/uploads\/2020\/01\/20191202_093022-450x338.jpg\" \/>\n<meta name=\"twitter:card\" content=\"summary_large_image\" \/>\n<meta name=\"twitter:label1\" content=\"Dur\u00e9e de lecture estim\u00e9e\" \/>\n\t<meta name=\"twitter:data1\" content=\"3 minutes\" \/>\n<script type=\"application\/ld+json\" class=\"yoast-schema-graph\">{\"@context\":\"https:\\\/\\\/schema.org\",\"@graph\":[{\"@type\":\"WebPage\",\"@id\":\"https:\\\/\\\/paraclimbing.org\\\/fr\\\/\",\"url\":\"https:\\\/\\\/paraclimbing.org\\\/fr\\\/\",\"name\":\"Qu\u2019est-ce que le handi-escalade ? - Handi Escalade\",\"isPartOf\":{\"@id\":\"https:\\\/\\\/paraclimbing.org\\\/fr\\\/#website\"},\"primaryImageOfPage\":{\"@id\":\"https:\\\/\\\/paraclimbing.org\\\/fr\\\/#primaryimage\"},\"image\":{\"@id\":\"https:\\\/\\\/paraclimbing.org\\\/fr\\\/#primaryimage\"},\"thumbnailUrl\":\"https:\\\/\\\/paraclimbing.org\\\/wp-content\\\/uploads\\\/2020\\\/01\\\/20191202_093022-450x338.jpg\",\"datePublished\":\"2020-07-14T18:41:19+00:00\",\"dateModified\":\"2025-06-08T13:47:30+00:00\",\"breadcrumb\":{\"@id\":\"https:\\\/\\\/paraclimbing.org\\\/fr\\\/#breadcrumb\"},\"inLanguage\":\"fr-FR\",\"potentialAction\":[{\"@type\":\"ReadAction\",\"target\":[\"https:\\\/\\\/paraclimbing.org\\\/fr\\\/\"]}]},{\"@type\":\"ImageObject\",\"inLanguage\":\"fr-FR\",\"@id\":\"https:\\\/\\\/paraclimbing.org\\\/fr\\\/#primaryimage\",\"url\":\"https:\\\/\\\/paraclimbing.org\\\/wp-content\\\/uploads\\\/2020\\\/01\\\/20191202_093022-450x338.jpg\",\"contentUrl\":\"https:\\\/\\\/paraclimbing.org\\\/wp-content\\\/uploads\\\/2020\\\/01\\\/20191202_093022-450x338.jpg\"},{\"@type\":\"BreadcrumbList\",\"@id\":\"https:\\\/\\\/paraclimbing.org\\\/fr\\\/#breadcrumb\",\"itemListElement\":[{\"@type\":\"ListItem\",\"position\":1,\"name\":\"Home\",\"item\":\"https:\\\/\\\/paraclimbing.org\\\/fr\\\/\"},{\"@type\":\"ListItem\",\"position\":2,\"name\":\"Qu\u2019est-ce que le handi-escalade ?\"}]},{\"@type\":\"WebSite\",\"@id\":\"https:\\\/\\\/paraclimbing.org\\\/fr\\\/#website\",\"url\":\"https:\\\/\\\/paraclimbing.org\\\/fr\\\/\",\"name\":\"Handi Escalade\",\"description\":\"Handi Escalade nouveaut\u00e9s internationales\",\"potentialAction\":[{\"@type\":\"SearchAction\",\"target\":{\"@type\":\"EntryPoint\",\"urlTemplate\":\"https:\\\/\\\/paraclimbing.org\\\/fr\\\/?s={search_term_string}\"},\"query-input\":{\"@type\":\"PropertyValueSpecification\",\"valueRequired\":true,\"valueName\":\"search_term_string\"}}],\"inLanguage\":\"fr-FR\"}]}<\/script>\n<!-- \/ Yoast SEO plugin. -->","yoast_head_json":{"title":"Qu\u2019est-ce que le handi-escalade ? - Handi Escalade","robots":{"index":"index","follow":"follow","max-snippet":"max-snippet:-1","max-image-preview":"max-image-preview:large","max-video-preview":"max-video-preview:-1"},"canonical":"https:\/\/paraclimbing.org\/fr\/","og_locale":"fr_FR","og_type":"article","og_title":"Qu\u2019est-ce que le handi-escalade ? - Handi Escalade","og_description":"Le handi-escalade, ou handi-grimpe (\u00ab paraclimbing \u00bb en anglais) est un sport pour toute personne affect\u00e9e par un handicap. Le pr\u00e9sent site web a pour &hellip;","og_url":"https:\/\/paraclimbing.org\/fr\/","og_site_name":"Handi Escalade","article_modified_time":"2025-06-08T13:47:30+00:00","og_image":[{"url":"https:\/\/paraclimbing.org\/wp-content\/uploads\/2020\/01\/20191202_093022-450x338.jpg","type":"","width":"","height":""}],"twitter_card":"summary_large_image","twitter_misc":{"Dur\u00e9e de lecture estim\u00e9e":"3 minutes"},"schema":{"@context":"https:\/\/schema.org","@graph":[{"@type":"WebPage","@id":"https:\/\/paraclimbing.org\/fr\/","url":"https:\/\/paraclimbing.org\/fr\/","name":"Qu\u2019est-ce que le handi-escalade ? - Handi Escalade","isPartOf":{"@id":"https:\/\/paraclimbing.org\/fr\/#website"},"primaryImageOfPage":{"@id":"https:\/\/paraclimbing.org\/fr\/#primaryimage"},"image":{"@id":"https:\/\/paraclimbing.org\/fr\/#primaryimage"},"thumbnailUrl":"https:\/\/paraclimbing.org\/wp-content\/uploads\/2020\/01\/20191202_093022-450x338.jpg","datePublished":"2020-07-14T18:41:19+00:00","dateModified":"2025-06-08T13:47:30+00:00","breadcrumb":{"@id":"https:\/\/paraclimbing.org\/fr\/#breadcrumb"},"inLanguage":"fr-FR","potentialAction":[{"@type":"ReadAction","target":["https:\/\/paraclimbing.org\/fr\/"]}]},{"@type":"ImageObject","inLanguage":"fr-FR","@id":"https:\/\/paraclimbing.org\/fr\/#primaryimage","url":"https:\/\/paraclimbing.org\/wp-content\/uploads\/2020\/01\/20191202_093022-450x338.jpg","contentUrl":"https:\/\/paraclimbing.org\/wp-content\/uploads\/2020\/01\/20191202_093022-450x338.jpg"},{"@type":"BreadcrumbList","@id":"https:\/\/paraclimbing.org\/fr\/#breadcrumb","itemListElement":[{"@type":"ListItem","position":1,"name":"Home","item":"https:\/\/paraclimbing.org\/fr\/"},{"@type":"ListItem","position":2,"name":"Qu\u2019est-ce que le handi-escalade ?"}]},{"@type":"WebSite","@id":"https:\/\/paraclimbing.org\/fr\/#website","url":"https:\/\/paraclimbing.org\/fr\/","name":"Handi Escalade","description":"Handi Escalade nouveaut\u00e9s internationales","potentialAction":[{"@type":"SearchAction","target":{"@type":"EntryPoint","urlTemplate":"https:\/\/paraclimbing.org\/fr\/?s={search_term_string}"},"query-input":{"@type":"PropertyValueSpecification","valueRequired":true,"valueName":"search_term_string"}}],"inLanguage":"fr-FR"}]}},"_links":{"self":[{"href":"https:\/\/paraclimbing.org\/fr\/wp-json\/wp\/v2\/pages\/26","targetHints":{"allow":["GET"]}}],"collection":[{"href":"https:\/\/paraclimbing.org\/fr\/wp-json\/wp\/v2\/pages"}],"about":[{"href":"https:\/\/paraclimbing.org\/fr\/wp-json\/wp\/v2\/types\/page"}],"author":[{"embeddable":true,"href":"https:\/\/paraclimbing.org\/fr\/wp-json\/wp\/v2\/users\/1"}],"replies":[{"embeddable":true,"href":"https:\/\/paraclimbing.org\/fr\/wp-json\/wp\/v2\/comments?post=26"}],"version-history":[{"count":3,"href":"https:\/\/paraclimbing.org\/fr\/wp-json\/wp\/v2\/pages\/26\/revisions"}],"predecessor-version":[{"id":267,"href":"https:\/\/paraclimbing.org\/fr\/wp-json\/wp\/v2\/pages\/26\/revisions\/267"}],"wp:attachment":[{"href":"https:\/\/paraclimbing.org\/fr\/wp-json\/wp\/v2\/media?parent=26"}],"curies":[{"name":"wp","href":"https:\/\/api.w.org\/{rel}","templated":true}]}}