   {"id":97,"date":"2020-01-12T13:41:22","date_gmt":"2020-01-12T13:41:22","guid":{"rendered":"https:\/\/paraclimbing.org\/de\/?page_id=97"},"modified":"2020-01-12T13:44:48","modified_gmt":"2020-01-12T13:44:48","slug":"veranstaltung-einreichen","status":"publish","type":"page","link":"https:\/\/paraclimbing.org\/de\/veranstaltung-einreichen\/","title":{"rendered":"Veranstaltung einreichen"},"content":{"rendered":"<p>Sie wissen \u00fcber eine kommende Paraclimbing-Veranstaltung, die noch nicht im Kalender auf dieser Webseite gelistet ist? Lassen Sie es uns wissen! Es spielt keine Rolle, ob es sich dabei um ein Jugendwettkampf, National, International, Seminar oder sonstiges handelt. Bitte senden Sie Ihre Vorschl\u00e4ge ein und wir sehen, was wir zur Bewerbung der Veranstaltung tun k\u00f6nnen.<\/p>\n<p>Bitte stellen Sie sicher, dass alle Informationen korrekt und offiziell sind!<\/p>\n<p>Ihre Einreichung wird vor der Ver\u00f6ffentlichung gepr\u00fcft. Das Admin-Team kann Korrekturen oder \u00c4nderungen an den \u00fcbermittelten Informationen vornehmen. Dies wird \/ kann auch ohne weitere Mitteilung an Sie erfolgen. Wir k\u00f6nnen uns auch gegen die Ver\u00f6ffentlichung einer Einreichung entscheiden.<\/p>\n\n<div class=\"wpcf7 no-js\" id=\"wpcf7-f100-o1\" lang=\"de-DE\" dir=\"ltr\" data-wpcf7-id=\"100\">\n<div class=\"screen-reader-response\"><p role=\"status\" aria-live=\"polite\" aria-atomic=\"true\"><\/p> <ul><\/ul><\/div>\n<form action=\"\/de\/wp-json\/wp\/v2\/pages\/97#wpcf7-f100-o1\" method=\"post\" class=\"wpcf7-form init\" aria-label=\"Kontaktformular\" novalidate=\"novalidate\" data-status=\"init\">\n<fieldset class=\"hidden-fields-container\"><input type=\"hidden\" name=\"_wpcf7\" value=\"100\" \/><input type=\"hidden\" name=\"_wpcf7_version\" value=\"6.1.5\" \/><input type=\"hidden\" name=\"_wpcf7_locale\" value=\"de_DE\" \/><input type=\"hidden\" name=\"_wpcf7_unit_tag\" value=\"wpcf7-f100-o1\" \/><input type=\"hidden\" name=\"_wpcf7_container_post\" value=\"0\" \/><input type=\"hidden\" name=\"_wpcf7_posted_data_hash\" value=\"\" \/>\n<\/fieldset>\n<p><label>Name Veranstaltung<br \/>\n<span class=\"wpcf7-form-control-wrap\" data-name=\"event-title\"><input size=\"40\" maxlength=\"400\" class=\"wpcf7-form-control wpcf7-text wpcf7-validates-as-required\" aria-required=\"true\" aria-invalid=\"false\" value=\"\" type=\"text\" name=\"event-title\" \/><\/span><\/label>\n<\/p>\n<p><label>Kategorie<br \/>\n<span class=\"wpcf7-form-control-wrap\" data-name=\"dropdown\"><select class=\"wpcf7-form-control wpcf7-select wpcf7-validates-as-required\" aria-required=\"true\" aria-invalid=\"false\" name=\"dropdown\"><option value=\"\">&#8211; Bitte ausw\u00e4hlen &#8211;<\/option><option value=\"IFSC World Cup\">IFSC World Cup<\/option><option value=\"IFSC World Championship\">IFSC World Championship<\/option><option value=\"International Master \/ Open competition\">International Master \/ Open competition<\/option><option value=\"National competition\">National competition<\/option><option value=\"Youth event\">Youth event<\/option><option value=\"Seminar\">Seminar<\/option><\/select><\/span><\/label>\n<\/p>\n<p><label>Datum Beginn<br \/>\n<span class=\"wpcf7-form-control-wrap\" data-name=\"start-date\"><input class=\"wpcf7-form-control wpcf7-date wpcf7-validates-as-required wpcf7-validates-as-date\" aria-required=\"true\" aria-invalid=\"false\" value=\"\" type=\"date\" name=\"start-date\" \/><\/span><\/label>\n<\/p>\n<p><label>Datum Ende<br \/>\n<span class=\"wpcf7-form-control-wrap\" data-name=\"end-date\"><input class=\"wpcf7-form-control wpcf7-date wpcf7-validates-as-required wpcf7-validates-as-date\" aria-required=\"true\" aria-invalid=\"false\" value=\"\" type=\"date\" name=\"end-date\" \/><\/span><\/label>\n<\/p>\n<p><label>Veranstalter Website (wo weitere Infos zu finden sind!)<br \/>\n<span class=\"wpcf7-form-control-wrap\" data-name=\"source-url\"><input size=\"40\" maxlength=\"400\" class=\"wpcf7-form-control wpcf7-text wpcf7-validates-as-required\" aria-required=\"true\" aria-invalid=\"false\" value=\"\" type=\"text\" name=\"source-url\" \/><\/span><\/label>\n<\/p>\n<p><span id=\"wpcf7-69e74df66a7d4-wrapper\" class=\"wpcf7-form-control-wrap email-wrap\" style=\"display:none !important; visibility:hidden !important;\"><label for=\"email\" class=\"hp-message\">Bitte lasse dieses Feld leer.<\/label><input id=\"email\"  class=\"wpcf7-form-control wpcf7-text email\" type=\"text\" name=\"email\" value=\"\" size=\"40\" tabindex=\"-1\" autocomplete=\"new-password\" \/><\/span>\n<\/p>\n<p><label>Kontakt E-Mail<br \/>\n<span class=\"wpcf7-form-control-wrap\" data-name=\"contact-email\"><input size=\"40\" maxlength=\"400\" class=\"wpcf7-form-control wpcf7-email wpcf7-validates-as-required wpcf7-text wpcf7-validates-as-email\" aria-required=\"true\" aria-invalid=\"false\" value=\"\" type=\"email\" name=\"contact-email\" \/><\/span><\/label>\n<\/p>\n<p><label>Veranstaltungsort Adresse<br \/>\n<span class=\"wpcf7-form-control-wrap\" data-name=\"location-address\"><input size=\"40\" maxlength=\"400\" class=\"wpcf7-form-control wpcf7-text wpcf7-validates-as-required\" aria-required=\"true\" aria-invalid=\"false\" value=\"\" type=\"text\" name=\"location-address\" \/><\/span><\/label>\n<\/p>\n<p><label>Beschreibung Veranstaltung<br \/>\n<span class=\"wpcf7-form-control-wrap\" data-name=\"description\"><textarea cols=\"40\" rows=\"10\" maxlength=\"2000\" class=\"wpcf7-form-control wpcf7-textarea\" aria-invalid=\"false\" name=\"description\"><\/textarea><\/span><\/label>\n<\/p>\n<p><span id=\"wpcf7-69e74df66a8ae-wrapper\" class=\"wpcf7-form-control-wrap address-wrap\" style=\"display:none !important; visibility:hidden !important;\"><label for=\"wpcf7-69e74df66a8ae-field\" class=\"hp-message\">Bitte lasse dieses Feld leer.<\/label><input id=\"wpcf7-69e74df66a8ae-field\"  class=\"wpcf7-form-control wpcf7-text\" type=\"text\" name=\"address\" value=\"\" size=\"40\" tabindex=\"-1\" autocomplete=\"new-password\" \/><\/span>\n<\/p>\n<p><input class=\"wpcf7-form-control wpcf7-submit has-spinner\" type=\"submit\" value=\"Senden\" \/>\n<\/p><div class=\"wpcf7-response-output\" aria-hidden=\"true\"><\/div>\n<\/form>\n<\/div>","protected":false},"excerpt":{"rendered":"<p>Sie wissen \u00fcber eine kommende Paraclimbing-Veranstaltung, die noch nicht im Kalender auf dieser Webseite gelistet ist? Lassen Sie es uns wissen! Es spielt keine Rolle, &hellip;<\/p>\n","protected":false},"author":1,"featured_media":0,"parent":0,"menu_order":0,"comment_status":"closed","ping_status":"closed","template":"","meta":{"footnotes":""},"class_list":["post-97","page","type-page","status-publish","hentry"],"yoast_head":"<!-- This site is optimized with the Yoast SEO plugin v27.3 - https:\/\/yoast.com\/product\/yoast-seo-wordpress\/ -->\n<title>Veranstaltung einreichen - Paraklettern Neuigkeiten<\/title>\n<meta name=\"robots\" content=\"index, follow, max-snippet:-1, max-image-preview:large, max-video-preview:-1\" \/>\n<link rel=\"canonical\" href=\"https:\/\/paraclimbing.org\/de\/veranstaltung-einreichen\/\" \/>\n<meta property=\"og:locale\" content=\"de_DE\" \/>\n<meta property=\"og:type\" content=\"article\" \/>\n<meta property=\"og:title\" content=\"Veranstaltung einreichen - Paraklettern Neuigkeiten\" \/>\n<meta property=\"og:description\" content=\"Sie wissen \u00fcber eine kommende Paraclimbing-Veranstaltung, die noch nicht im Kalender auf dieser Webseite gelistet ist? Lassen Sie es uns wissen! Es spielt keine Rolle, &hellip;\" \/>\n<meta property=\"og:url\" content=\"https:\/\/paraclimbing.org\/de\/veranstaltung-einreichen\/\" \/>\n<meta property=\"og:site_name\" content=\"Paraklettern Neuigkeiten\" \/>\n<meta property=\"article:modified_time\" content=\"2020-01-12T13:44:48+00:00\" \/>\n<meta name=\"twitter:card\" content=\"summary_large_image\" \/>\n<meta name=\"twitter:label1\" content=\"Gesch\u00e4tzte Lesezeit\" \/>\n\t<meta name=\"twitter:data1\" content=\"1\u00a0Minute\" \/>\n<script type=\"application\/ld+json\" class=\"yoast-schema-graph\">{\"@context\":\"https:\\\/\\\/schema.org\",\"@graph\":[{\"@type\":\"WebPage\",\"@id\":\"https:\\\/\\\/paraclimbing.org\\\/de\\\/veranstaltung-einreichen\\\/\",\"url\":\"https:\\\/\\\/paraclimbing.org\\\/de\\\/veranstaltung-einreichen\\\/\",\"name\":\"Veranstaltung einreichen - Paraklettern Neuigkeiten\",\"isPartOf\":{\"@id\":\"https:\\\/\\\/paraclimbing.org\\\/de\\\/#website\"},\"datePublished\":\"2020-01-12T13:41:22+00:00\",\"dateModified\":\"2020-01-12T13:44:48+00:00\",\"breadcrumb\":{\"@id\":\"https:\\\/\\\/paraclimbing.org\\\/de\\\/veranstaltung-einreichen\\\/#breadcrumb\"},\"inLanguage\":\"de\",\"potentialAction\":[{\"@type\":\"ReadAction\",\"target\":[\"https:\\\/\\\/paraclimbing.org\\\/de\\\/veranstaltung-einreichen\\\/\"]}]},{\"@type\":\"BreadcrumbList\",\"@id\":\"https:\\\/\\\/paraclimbing.org\\\/de\\\/veranstaltung-einreichen\\\/#breadcrumb\",\"itemListElement\":[{\"@type\":\"ListItem\",\"position\":1,\"name\":\"Home\",\"item\":\"https:\\\/\\\/paraclimbing.org\\\/de\\\/\"},{\"@type\":\"ListItem\",\"position\":2,\"name\":\"Veranstaltung einreichen\"}]},{\"@type\":\"WebSite\",\"@id\":\"https:\\\/\\\/paraclimbing.org\\\/de\\\/#website\",\"url\":\"https:\\\/\\\/paraclimbing.org\\\/de\\\/\",\"name\":\"Paraklettern Neuigkeiten\",\"description\":\"\",\"potentialAction\":[{\"@type\":\"SearchAction\",\"target\":{\"@type\":\"EntryPoint\",\"urlTemplate\":\"https:\\\/\\\/paraclimbing.org\\\/de\\\/?s={search_term_string}\"},\"query-input\":{\"@type\":\"PropertyValueSpecification\",\"valueRequired\":true,\"valueName\":\"search_term_string\"}}],\"inLanguage\":\"de\"}]}<\/script>\n<!-- \/ Yoast SEO plugin. -->","yoast_head_json":{"title":"Veranstaltung einreichen - Paraklettern Neuigkeiten","robots":{"index":"index","follow":"follow","max-snippet":"max-snippet:-1","max-image-preview":"max-image-preview:large","max-video-preview":"max-video-preview:-1"},"canonical":"https:\/\/paraclimbing.org\/de\/veranstaltung-einreichen\/","og_locale":"de_DE","og_type":"article","og_title":"Veranstaltung einreichen - Paraklettern Neuigkeiten","og_description":"Sie wissen \u00fcber eine kommende Paraclimbing-Veranstaltung, die noch nicht im Kalender auf dieser Webseite gelistet ist? Lassen Sie es uns wissen! Es spielt keine Rolle, &hellip;","og_url":"https:\/\/paraclimbing.org\/de\/veranstaltung-einreichen\/","og_site_name":"Paraklettern Neuigkeiten","article_modified_time":"2020-01-12T13:44:48+00:00","twitter_card":"summary_large_image","twitter_misc":{"Gesch\u00e4tzte Lesezeit":"1\u00a0Minute"},"schema":{"@context":"https:\/\/schema.org","@graph":[{"@type":"WebPage","@id":"https:\/\/paraclimbing.org\/de\/veranstaltung-einreichen\/","url":"https:\/\/paraclimbing.org\/de\/veranstaltung-einreichen\/","name":"Veranstaltung einreichen - Paraklettern Neuigkeiten","isPartOf":{"@id":"https:\/\/paraclimbing.org\/de\/#website"},"datePublished":"2020-01-12T13:41:22+00:00","dateModified":"2020-01-12T13:44:48+00:00","breadcrumb":{"@id":"https:\/\/paraclimbing.org\/de\/veranstaltung-einreichen\/#breadcrumb"},"inLanguage":"de","potentialAction":[{"@type":"ReadAction","target":["https:\/\/paraclimbing.org\/de\/veranstaltung-einreichen\/"]}]},{"@type":"BreadcrumbList","@id":"https:\/\/paraclimbing.org\/de\/veranstaltung-einreichen\/#breadcrumb","itemListElement":[{"@type":"ListItem","position":1,"name":"Home","item":"https:\/\/paraclimbing.org\/de\/"},{"@type":"ListItem","position":2,"name":"Veranstaltung einreichen"}]},{"@type":"WebSite","@id":"https:\/\/paraclimbing.org\/de\/#website","url":"https:\/\/paraclimbing.org\/de\/","name":"Paraklettern Neuigkeiten","description":"","potentialAction":[{"@type":"SearchAction","target":{"@type":"EntryPoint","urlTemplate":"https:\/\/paraclimbing.org\/de\/?s={search_term_string}"},"query-input":{"@type":"PropertyValueSpecification","valueRequired":true,"valueName":"search_term_string"}}],"inLanguage":"de"}]}},"_links":{"self":[{"href":"https:\/\/paraclimbing.org\/de\/wp-json\/wp\/v2\/pages\/97","targetHints":{"allow":["GET"]}}],"collection":[{"href":"https:\/\/paraclimbing.org\/de\/wp-json\/wp\/v2\/pages"}],"about":[{"href":"https:\/\/paraclimbing.org\/de\/wp-json\/wp\/v2\/types\/page"}],"author":[{"embeddable":true,"href":"https:\/\/paraclimbing.org\/de\/wp-json\/wp\/v2\/users\/1"}],"replies":[{"embeddable":true,"href":"https:\/\/paraclimbing.org\/de\/wp-json\/wp\/v2\/comments?post=97"}],"version-history":[{"count":2,"href":"https:\/\/paraclimbing.org\/de\/wp-json\/wp\/v2\/pages\/97\/revisions"}],"predecessor-version":[{"id":101,"href":"https:\/\/paraclimbing.org\/de\/wp-json\/wp\/v2\/pages\/97\/revisions\/101"}],"wp:attachment":[{"href":"https:\/\/paraclimbing.org\/de\/wp-json\/wp\/v2\/media?parent=97"}],"curies":[{"name":"wp","href":"https:\/\/api.w.org\/{rel}","templated":true}]}}