   {"id":35,"date":"2020-01-11T18:44:50","date_gmt":"2020-01-11T18:44:50","guid":{"rendered":"https:\/\/paraclimbing.org\/de\/?page_id=35"},"modified":"2023-08-17T15:03:02","modified_gmt":"2023-08-17T15:03:02","slug":"klassifizierung","status":"publish","type":"page","link":"https:\/\/paraclimbing.org\/de\/klassifizierung\/","title":{"rendered":"Klassifizierung"},"content":{"rendered":"<p>Notiz: Dieser Artikel beschreibt die IFSC-Klassifizierung. Nationale Verb\u00e4nde k\u00f6nnen andere Systeme verwenden.<\/p>\n<p>Behinderungen k\u00f6nnen sehr unterschiedlich sein und somit auch das Kletterniveau. Um einen fairen Wettkampf zu gew\u00e4hrleisten, werden Athleten in Startklassen eingeteilt, in denen dann Athleten mit einem \u00e4hnlichen Einschr\u00e4nkungsniveau gegeneinander antreten. Im Paraklettern gibt es aktuell 10 verschiedene Startklassen:<\/p>\n<ul>\n<li>Sehbehinderte Startklassen (B1, B2, B3)<\/li>\n<li>Amputiert (AU2, AU3, AL1, AL2)<\/li>\n<li>Neurologische \/ physiologische Einschr\u00e4nkungen (RP1, RP2, RP3)<\/li>\n<\/ul>\n<p>Bitte beachten: AU1 wurde mit dem Start der Saison im Jahr 2023 aufgel\u00f6st und klettert innerhalb der RP1-Klasse. Neu daf\u00fcr seit 2023 ist AU3.<\/p>\n<p>Mit der steigenden Zahl hinter der Startklasse sinkt das Niveau der Einschr\u00e4nkung. Das bedeutet, dass B1-Athleten komplett blind sind und mit einer Augenbinde klettern. B1 Athleten besitzen eine Sehsch\u00e4rfe von weniger als 2,6 LogMAR, w\u00e4hrend B2 Athleten noch eine Sehsch\u00e4rfe zwischen 1,5 und 2,6 LogMAR und\/oder ein Sichtfeld von bis zu 10 Grad Durchmesser besitzen. B3 Athleten besitzen eine Sehsch\u00e4rfe zwischen 1,4 und 1,0 LogMAR und\/oder ein Sichtfeld zwischen 10 und 40 Grad Durchmesser. Sehbehinderte Athleten haben zudem einen Guide am Boden, der ihnen Griffe und Bewegungen ansagt.<\/p>\n<p>&nbsp;<\/p>\n<figure id=\"attachment_225\" aria-describedby=\"caption-attachment-225\" style=\"width: 450px\" class=\"wp-caption alignright\"><a href=\"https:\/\/paraclimbing.org\/wp-content\/uploads\/2020\/01\/AU2-20181111_122424-scaled.jpg\" data-rel=\"lightbox-image-0\" data-rl_title=\"\" data-rl_caption=\"\" title=\"\"><img loading=\"lazy\" decoding=\"async\" class=\"wp-image-225 size-medium\" src=\"https:\/\/paraclimbing.org\/wp-content\/uploads\/2020\/01\/AU2-20181111_122424-450x338.jpg\" alt=\"\" width=\"450\" height=\"338\" \/><\/a><figcaption id=\"caption-attachment-225\" class=\"wp-caption-text\">AU2: Unterarmamputation<\/figcaption><\/figure>\n<p><em>AU1 Athleten haben nur einen funktionierenden Arm und klettern dynamisch. Pr\u00e4zise Fu\u00dfarbeit ist notwendig, um den K\u00f6rper g\u00fcnstig zu positionieren. (Bitte Notiz oben zu AU1 beachten!)<br \/>\n<\/em><\/p>\n<p>AU2 hat einen Arm mit einer Unterarmamputation, sodass der Athlet sozusagen anderthalb Arme zum klettern hat. Ihre Rechweite ist limitiert und Fingerl\u00f6cher oder Zangengriffe k\u00f6nnen mit dem eingeschr\u00e4nkten Arm nicht genutzt werden.<\/p>\n<p>AU3 besitzt voll funktionsf\u00e4hige Handgelenke und besitzt Einschr\u00e4nkungen lediglich im Bereich der Hand und\/oder der Finger.<\/p>\n<p>AL1 Athleten sitzem im Rollstuhl und haben keine Kontrolle \u00fcber ihre untere K\u00f6rperh\u00e4lfte.<\/p>\n<figure id=\"attachment_213\" aria-describedby=\"caption-attachment-213\" style=\"width: 450px\" class=\"wp-caption alignleft\"><a href=\"https:\/\/paraclimbing.org\/wp-content\/uploads\/2020\/01\/innsbruck-IMG_4208-scaled-e1578424525796.jpg\" data-rel=\"lightbox-image-1\" data-rl_title=\"\" data-rl_caption=\"\" title=\"\"><img loading=\"lazy\" decoding=\"async\" class=\"wp-image-213 size-medium\" src=\"https:\/\/paraclimbing.org\/wp-content\/uploads\/2020\/01\/innsbruck-IMG_4208-450x300.jpg\" alt=\"\" width=\"450\" height=\"300\" \/><\/a><figcaption id=\"caption-attachment-213\" class=\"wp-caption-text\">AL2 Athlet Thomas Meier (GER) mit Beinprothese (gestrecktes Bein)<\/figcaption><\/figure>\n<p>Die Klasse AL2 hat eine Beinamputation \u2013 egal in welcher H\u00f6he. Das einzige Mindestkriterium in dieser Startklasse ist das Fu\u00dfgelenk darf nicht mehr vorhanden sein. Die Athleten k\u00f6nnen selbst entscheiden, ob sie mit oder ohne Prothese klettern wollen. Kletterstile sind sehr unterschiedlich je nachdem ob eine Prothese genutzt wird oder nicht. Wenn der Athlet keine Prothese nutzt, ist es ein Unterschied, ob die Amputation unter- oder oberhalb des Knies erfolgt, denn der Stumpf unterhalb des Knies kann spezielle Hooks erm\u00f6glichen, die es im \u00fcberh\u00e4ngenden Gel\u00e4nde etwas leichter machen.<\/p>\n<p>RP Athleten haben neuroligische oder physiologische Einschr\u00e4nkungen, die sehr unterschiedlich sein k\u00f6nnen. Einige Athleten aus niedrigeren RP-Klassen ben\u00f6tigen einen Rollsthul w\u00e4hrend andere durch andere Faktoren eingeschr\u00e4nkt sind (Beweglichkeit, Koordination, Kraft). Die Kletterstile unter RP Athleten sind generell sehr unterschiedlich. Es befindet sich hier ein viel breiteres Spektrum an Behinderungen, die gegeneinander antreten, als im Vergleich zu anderen Startklassen.<\/p>\n<p>Der Routenbau muss den jeweiligen Startklassen entsprechend angepasst werden, weitere Informationen zu diesem Thema sind <a href=\"https:\/\/paraclimbing.org\/de\/routenbau\/\">hier<\/a> zu finden.<\/p>\n<h2>Wie werden Athleten klassifiziert?<\/h2>\n<p>Vor offiziellen IFSC Wettk\u00e4mpfen finden medizinische Untersuchungen f\u00fcr neue Athleten statt. W\u00e4hrend dieser Untersuchungen bringen die Athleten medizinische Attests und Dokumente begutachtet und der Athlet wird diversen Tests unterzogen, um dann die Startklasse zu bestimmen.<\/p>\n<h2>Wie kann ich an Wettk\u00e4mpfen teilnehmen?<\/h2>\n<p>Nehmt Kontakt zum nationalen Verband auf und fragt, ob es Paraclimbing-Strukturen gibt und wie man daran teilnehmen kann.<\/p>\n<h2>Wer darf nicht teilnehmen?<\/h2>\n<ul>\n<li>Athleten mit einem Sichtfeld von mehr als 40 Grad Durchhmesser und\/oder einer Sehsch\u00e4rfe von besser als 1,0 LogMAR.<\/li>\n<li>Taube oder h\u00f6rbehinderte Personen<\/li>\n<li>Organtransplantierte Personen<\/li>\n<li>Intelektuell behinderte Personen (bei IFSC Wettk\u00e4mpfen! Nationale Formate k\u00f6nnen abweichen)<\/li>\n<\/ul>\n<p>Jede Startklasse hat zudem eine fest definierte Mindestbehinderung, die erf\u00fcllt werden muss, um an den Wettk\u00e4mpfen teilnehmen zu k\u00f6nnen.<\/p>\n<h2>Merging<\/h2>\n<p>Damit ein solider Wettkampf stattfinde, hat die IFSC Mindestzahlen f\u00fcr Athleten festgelegt, damit eine Startklasse starten kann. 4 Athleten aus 3 verschiedenen L\u00e4ndern sind n\u00f6tig, um bei einem Weltcup eine Klasse starten zu lasssen, 6 Athleten aus 4 L\u00e4ndern bei Weltmeisterschaften. Wenn weniger Athleten f\u00fcr eine Startklasse gemeldet sind, wird diese nicht f\u00fcr den Wettkampf ge\u00f6ffnet und w\u00fcrde nicht daran teilnehmen d\u00fcrfen.<br \/>\nDa ein unfairer Wettkampf aber besser als kein Wettkampf ist, geben die Regeln die M\u00f6glichkeit, verschiedene Klassen nach einem festgelegten Schema zusammen zu legen, damit mehr Teilnehmer vorhanden sind:<\/p>\n<p><img loading=\"lazy\" decoding=\"async\" class=\"size-medium wp-image-4284 aligncenter\" src=\"https:\/\/paraclimbing.org\/wp-content\/uploads\/2023\/07\/merging-4-450x229.png\" alt=\"\" width=\"450\" height=\"229\" \/><\/p>\n<p>Es gibt trotzdem noch Schlupfl\u00f6cher im Schema: Wenn B3 oder RP3 nicht gen\u00fcgend Athleten hat, aber die links davon im Schema liegende Klasse gen\u00fcgend Starter hat, werden B3 \/ RP3 nicht f\u00fcr den Wettkampf zugelassen. Probleme gibt es also immer auf der rechten Seite des Schemas, da es hier keine Startklasse mehr gibt, mit der sie zusammen gelegt werden k\u00f6nnten.<br \/>\nIn solch einem Fall gibt es die M\u00f6glichkeit, als eigenst\u00e4ndige Startklasse au\u00dferhalb der offiziellen Wertung zu starten.<\/p>\n<p>Wenn wir in die Statistiken blicken, sehen wir ganz klar, dass das Merging Schema oft ben\u00f6tigt wird \u2013 auch trotz Wachstum in den letzten Jahren: In Theorie h\u00e4tten wir 20 Startklassen, wenn alle die Mindestanforderungen erf\u00fcllen w\u00fcrden. Die Weltmeisterschaft in Innsbruck 2018 hatte 12 Startklassen und Medaillens\u00e4tze, die WM 2019 in Brian\u00e7on hatte 14 Medaillens\u00e4tze. Es gibt also noch einigen Platz in unseren Klassen \u2026<\/p>\n<p>&nbsp;<\/p>","protected":false},"excerpt":{"rendered":"<p>Notiz: Dieser Artikel beschreibt die IFSC-Klassifizierung. Nationale Verb\u00e4nde k\u00f6nnen andere Systeme verwenden. Behinderungen k\u00f6nnen sehr unterschiedlich sein und somit auch das Kletterniveau. Um einen fairen &hellip;<\/p>\n","protected":false},"author":1,"featured_media":0,"parent":0,"menu_order":0,"comment_status":"closed","ping_status":"closed","template":"","meta":{"footnotes":""},"class_list":["post-35","page","type-page","status-publish","hentry"],"yoast_head":"<!-- This site is optimized with the Yoast SEO plugin v27.3 - https:\/\/yoast.com\/product\/yoast-seo-wordpress\/ -->\n<title>Klassifizierung - Paraklettern Neuigkeiten<\/title>\n<meta name=\"robots\" content=\"index, follow, max-snippet:-1, max-image-preview:large, max-video-preview:-1\" \/>\n<link rel=\"canonical\" href=\"https:\/\/paraclimbing.org\/de\/klassifizierung\/\" \/>\n<meta property=\"og:locale\" content=\"de_DE\" \/>\n<meta property=\"og:type\" content=\"article\" \/>\n<meta property=\"og:title\" content=\"Klassifizierung - Paraklettern Neuigkeiten\" \/>\n<meta property=\"og:description\" content=\"Notiz: Dieser Artikel beschreibt die IFSC-Klassifizierung. Nationale Verb\u00e4nde k\u00f6nnen andere Systeme verwenden. Behinderungen k\u00f6nnen sehr unterschiedlich sein und somit auch das Kletterniveau. Um einen fairen &hellip;\" \/>\n<meta property=\"og:url\" content=\"https:\/\/paraclimbing.org\/de\/klassifizierung\/\" \/>\n<meta property=\"og:site_name\" content=\"Paraklettern Neuigkeiten\" \/>\n<meta property=\"article:modified_time\" content=\"2023-08-17T15:03:02+00:00\" \/>\n<meta property=\"og:image\" content=\"https:\/\/paraclimbing.org\/wp-content\/uploads\/2020\/01\/AU2-20181111_122424-450x338.jpg\" \/>\n<meta name=\"twitter:card\" content=\"summary_large_image\" \/>\n<meta name=\"twitter:label1\" content=\"Gesch\u00e4tzte Lesezeit\" \/>\n\t<meta name=\"twitter:data1\" content=\"4\u00a0Minuten\" \/>\n<script type=\"application\/ld+json\" class=\"yoast-schema-graph\">{\"@context\":\"https:\\\/\\\/schema.org\",\"@graph\":[{\"@type\":\"WebPage\",\"@id\":\"https:\\\/\\\/paraclimbing.org\\\/de\\\/klassifizierung\\\/\",\"url\":\"https:\\\/\\\/paraclimbing.org\\\/de\\\/klassifizierung\\\/\",\"name\":\"Klassifizierung - Paraklettern Neuigkeiten\",\"isPartOf\":{\"@id\":\"https:\\\/\\\/paraclimbing.org\\\/de\\\/#website\"},\"primaryImageOfPage\":{\"@id\":\"https:\\\/\\\/paraclimbing.org\\\/de\\\/klassifizierung\\\/#primaryimage\"},\"image\":{\"@id\":\"https:\\\/\\\/paraclimbing.org\\\/de\\\/klassifizierung\\\/#primaryimage\"},\"thumbnailUrl\":\"https:\\\/\\\/paraclimbing.org\\\/wp-content\\\/uploads\\\/2020\\\/01\\\/AU2-20181111_122424-450x338.jpg\",\"datePublished\":\"2020-01-11T18:44:50+00:00\",\"dateModified\":\"2023-08-17T15:03:02+00:00\",\"breadcrumb\":{\"@id\":\"https:\\\/\\\/paraclimbing.org\\\/de\\\/klassifizierung\\\/#breadcrumb\"},\"inLanguage\":\"de\",\"potentialAction\":[{\"@type\":\"ReadAction\",\"target\":[\"https:\\\/\\\/paraclimbing.org\\\/de\\\/klassifizierung\\\/\"]}]},{\"@type\":\"ImageObject\",\"inLanguage\":\"de\",\"@id\":\"https:\\\/\\\/paraclimbing.org\\\/de\\\/klassifizierung\\\/#primaryimage\",\"url\":\"https:\\\/\\\/paraclimbing.org\\\/wp-content\\\/uploads\\\/2020\\\/01\\\/AU2-20181111_122424-450x338.jpg\",\"contentUrl\":\"https:\\\/\\\/paraclimbing.org\\\/wp-content\\\/uploads\\\/2020\\\/01\\\/AU2-20181111_122424-450x338.jpg\"},{\"@type\":\"BreadcrumbList\",\"@id\":\"https:\\\/\\\/paraclimbing.org\\\/de\\\/klassifizierung\\\/#breadcrumb\",\"itemListElement\":[{\"@type\":\"ListItem\",\"position\":1,\"name\":\"Home\",\"item\":\"https:\\\/\\\/paraclimbing.org\\\/de\\\/\"},{\"@type\":\"ListItem\",\"position\":2,\"name\":\"Klassifizierung\"}]},{\"@type\":\"WebSite\",\"@id\":\"https:\\\/\\\/paraclimbing.org\\\/de\\\/#website\",\"url\":\"https:\\\/\\\/paraclimbing.org\\\/de\\\/\",\"name\":\"Paraklettern Neuigkeiten\",\"description\":\"\",\"potentialAction\":[{\"@type\":\"SearchAction\",\"target\":{\"@type\":\"EntryPoint\",\"urlTemplate\":\"https:\\\/\\\/paraclimbing.org\\\/de\\\/?s={search_term_string}\"},\"query-input\":{\"@type\":\"PropertyValueSpecification\",\"valueRequired\":true,\"valueName\":\"search_term_string\"}}],\"inLanguage\":\"de\"}]}<\/script>\n<!-- \/ Yoast SEO plugin. -->","yoast_head_json":{"title":"Klassifizierung - Paraklettern Neuigkeiten","robots":{"index":"index","follow":"follow","max-snippet":"max-snippet:-1","max-image-preview":"max-image-preview:large","max-video-preview":"max-video-preview:-1"},"canonical":"https:\/\/paraclimbing.org\/de\/klassifizierung\/","og_locale":"de_DE","og_type":"article","og_title":"Klassifizierung - Paraklettern Neuigkeiten","og_description":"Notiz: Dieser Artikel beschreibt die IFSC-Klassifizierung. Nationale Verb\u00e4nde k\u00f6nnen andere Systeme verwenden. Behinderungen k\u00f6nnen sehr unterschiedlich sein und somit auch das Kletterniveau. Um einen fairen &hellip;","og_url":"https:\/\/paraclimbing.org\/de\/klassifizierung\/","og_site_name":"Paraklettern Neuigkeiten","article_modified_time":"2023-08-17T15:03:02+00:00","og_image":[{"url":"https:\/\/paraclimbing.org\/wp-content\/uploads\/2020\/01\/AU2-20181111_122424-450x338.jpg","type":"","width":"","height":""}],"twitter_card":"summary_large_image","twitter_misc":{"Gesch\u00e4tzte Lesezeit":"4\u00a0Minuten"},"schema":{"@context":"https:\/\/schema.org","@graph":[{"@type":"WebPage","@id":"https:\/\/paraclimbing.org\/de\/klassifizierung\/","url":"https:\/\/paraclimbing.org\/de\/klassifizierung\/","name":"Klassifizierung - Paraklettern Neuigkeiten","isPartOf":{"@id":"https:\/\/paraclimbing.org\/de\/#website"},"primaryImageOfPage":{"@id":"https:\/\/paraclimbing.org\/de\/klassifizierung\/#primaryimage"},"image":{"@id":"https:\/\/paraclimbing.org\/de\/klassifizierung\/#primaryimage"},"thumbnailUrl":"https:\/\/paraclimbing.org\/wp-content\/uploads\/2020\/01\/AU2-20181111_122424-450x338.jpg","datePublished":"2020-01-11T18:44:50+00:00","dateModified":"2023-08-17T15:03:02+00:00","breadcrumb":{"@id":"https:\/\/paraclimbing.org\/de\/klassifizierung\/#breadcrumb"},"inLanguage":"de","potentialAction":[{"@type":"ReadAction","target":["https:\/\/paraclimbing.org\/de\/klassifizierung\/"]}]},{"@type":"ImageObject","inLanguage":"de","@id":"https:\/\/paraclimbing.org\/de\/klassifizierung\/#primaryimage","url":"https:\/\/paraclimbing.org\/wp-content\/uploads\/2020\/01\/AU2-20181111_122424-450x338.jpg","contentUrl":"https:\/\/paraclimbing.org\/wp-content\/uploads\/2020\/01\/AU2-20181111_122424-450x338.jpg"},{"@type":"BreadcrumbList","@id":"https:\/\/paraclimbing.org\/de\/klassifizierung\/#breadcrumb","itemListElement":[{"@type":"ListItem","position":1,"name":"Home","item":"https:\/\/paraclimbing.org\/de\/"},{"@type":"ListItem","position":2,"name":"Klassifizierung"}]},{"@type":"WebSite","@id":"https:\/\/paraclimbing.org\/de\/#website","url":"https:\/\/paraclimbing.org\/de\/","name":"Paraklettern Neuigkeiten","description":"","potentialAction":[{"@type":"SearchAction","target":{"@type":"EntryPoint","urlTemplate":"https:\/\/paraclimbing.org\/de\/?s={search_term_string}"},"query-input":{"@type":"PropertyValueSpecification","valueRequired":true,"valueName":"search_term_string"}}],"inLanguage":"de"}]}},"_links":{"self":[{"href":"https:\/\/paraclimbing.org\/de\/wp-json\/wp\/v2\/pages\/35","targetHints":{"allow":["GET"]}}],"collection":[{"href":"https:\/\/paraclimbing.org\/de\/wp-json\/wp\/v2\/pages"}],"about":[{"href":"https:\/\/paraclimbing.org\/de\/wp-json\/wp\/v2\/types\/page"}],"author":[{"embeddable":true,"href":"https:\/\/paraclimbing.org\/de\/wp-json\/wp\/v2\/users\/1"}],"replies":[{"embeddable":true,"href":"https:\/\/paraclimbing.org\/de\/wp-json\/wp\/v2\/comments?post=35"}],"version-history":[{"count":14,"href":"https:\/\/paraclimbing.org\/de\/wp-json\/wp\/v2\/pages\/35\/revisions"}],"predecessor-version":[{"id":296,"href":"https:\/\/paraclimbing.org\/de\/wp-json\/wp\/v2\/pages\/35\/revisions\/296"}],"wp:attachment":[{"href":"https:\/\/paraclimbing.org\/de\/wp-json\/wp\/v2\/media?parent=35"}],"curies":[{"name":"wp","href":"https:\/\/api.w.org\/{rel}","templated":true}]}}