   {"id":28,"date":"2020-01-11T17:49:42","date_gmt":"2020-01-11T17:49:42","guid":{"rendered":"https:\/\/paraclimbing.org\/de\/?page_id=28"},"modified":"2025-06-08T13:47:30","modified_gmt":"2025-06-08T13:47:30","slug":"was-ist-paraclimbing","status":"publish","type":"page","link":"https:\/\/paraclimbing.org\/de\/","title":{"rendered":"Was ist Paraclimbing?"},"content":{"rendered":"<p>Paraklettern bzw. Paraclimbing ist Sportklettern f\u00fcr Menschen mit Behinderung. Diese Webseite soll \u00fcber Paraklettern-Aktivit\u00e4ten rund um die Welt berichten, gleich ob es um Wettkampfklettern oder um Outdoorklettern geht.<\/p>\n<p>Der erste Paraclimbing Wettbewerb wurde 2003 in Frankreich organisiert. \u00dcber die Jahre wurde der Sport immer popul\u00e4rer und die erste Weltmeisterschaft wurde 2011 in Arco von der International Federation of Sport Climbing veranstaltet. Wir haben viele Informationen \u00fcber gro\u00dfe Veranstaltungen der letzten Jahre zusammen gestellt, diese sind unter &#8222;<a href=\"https:\/\/paraclimbing.org\/de\/category\/vergangene-wettkaempfe\/\">Vergangene Wettk\u00e4mpfe<\/a>&#8220; zusammen gestellt. Im Jahr 2016 erhielt die IFSC (Internationaal Federation of Sport Climbing) vom Internationalen Paralympischen Komitee den Status eines \u201eRecognized Federation\u201c. Paraclimbing wird Teil der Paralympischen Spiele 2028 in Los Angeles sein!<\/p>\n<p><img loading=\"lazy\" decoding=\"async\" class=\"size-medium wp-image-405 alignleft\" src=\"https:\/\/paraclimbing.org\/wp-content\/uploads\/2020\/01\/20191202_093022-450x338.jpg\" alt=\"\" width=\"450\" height=\"338\" \/>In Sachen <a href=\"https:\/\/paraclimbing.org\/de\/outdoor\/\">Outdoor<\/a> gibt es auch schier unglaubliche Erfolge zu vermelden: Erstbegehungen bis 8b\/+ von einem beinamputierten Kletterer (Thomas Meier, Deutschland) oder der &#8222;Old Man of Hoy&#8220; (137 m hohe Felsnadel, die im Meer steht, traditionelle Absicherung) von einem sehbehinderten Kletterer im Vorstieg (Jesse Dufton, Gro\u00dfbritannien) sind nur zwei Beispiele von vielen.<\/p>\n<p>Paraclimbing oder Paraklettern ist Klettern f\u00fcr Menschen mit Behinderung. Nach den IFSC-Regeln sind 3 Formate definiert: Lead, Speed und Bouldern. Wenn man \u00fcber die letzten Jahre zur\u00fcck blickt, sieht man aber, dass Lead das dominierende Format ist, in den letzten Jahren gabe es keine internationalen Boulder oder Speed Wettk\u00e4mpfe mehr. &#8222;Lead&#8220; bedeutet im Paraclimbing \u00fcbrigens Toprope \u2013 aus Sicherheitsgr\u00fcnden. Wenn W\u00e4nde sehr stark bzw. weit \u00fcberh\u00e4ngend sind, werden sogar 2 Topropes verwendet (eines von ganz oben, ein zweiter Umlenker in der unteren H\u00e4lfe der Route), damit gro\u00dfe Pendelst\u00fcrze oder Bodenst\u00fcrze im unteren Teil der Route vermieden werden k\u00f6nnen.<\/p>\n<p>Damit ein Wettkampf so fair wie m\u00f6glich ist, werden Athleten in Kategorien nach der Art ihrer Einschr\u00e4nkung gruppiert. Somit muss nicht ein blinder Athlet gegen einen der im Rollstuhl sitzt antreten. \ud83d\ude09 Weitere Informationen zum Thema Klassifizierung gibt es <a href=\"https:\/\/paraclimbing.org\/de\/klassifizierung\/\">hier<\/a> zu lesen.<\/p>\n<p><a href=\"https:\/\/paraclimbing.org\/wp-content\/uploads\/2020\/01\/edinburgh-20170924_182852-scaled-e1578835491522.jpg\" data-rel=\"lightbox-image-0\" data-rl_title=\"\" data-rl_caption=\"\" title=\"\"><img loading=\"lazy\" decoding=\"async\" class=\"alignright wp-image-253 size-medium\" src=\"https:\/\/paraclimbing.org\/wp-content\/uploads\/2020\/01\/edinburgh-20170924_182852-scaled-e1578835491522-450x374.jpg\" alt=\"\" width=\"450\" height=\"374\" \/><\/a><\/p>\n<p>In Wettk\u00e4mpfen wird die Wertung nach der erreichten H\u00f6he beim klettern vorgenommen. Die Wettk\u00e4mpfer probieren eine ihnen unbekannte Route bis zum Sturz so weit wie m\u00f6glich zu klettern. Falls die erreichte Wertung gleich ist, werden Ergebnisse aus Vorrunden oder die Zeit verwendet, um eine Platzierung vorzunehmen.<\/p>\n<p>Sehbehinderte Athleten haben einen Guide am Boden stehen, der ihnen Anweisungen \u00fcber Griffe und Bewegungen ansagt.<\/p>\n<p>Beinamputierte Athleten d\u00fcrfen entscheiden, ob sie eine Prothese tragen wollen oder nicht \u2013 allen anderen Athleten ist es nicht erlaubt, Hilfsausr\u00fcstung in irgendeiner Art zu verwenden. Notiz: Tape und andere Schutzausr\u00fcstung wird nicht als Hilfsausr\u00fcstung gesehen. \ud83d\ude09<\/p>","protected":false},"excerpt":{"rendered":"<p>Paraklettern bzw. Paraclimbing ist Sportklettern f\u00fcr Menschen mit Behinderung. Diese Webseite soll \u00fcber Paraklettern-Aktivit\u00e4ten rund um die Welt berichten, gleich ob es um Wettkampfklettern oder &hellip;<\/p>\n","protected":false},"author":1,"featured_media":0,"parent":0,"menu_order":0,"comment_status":"closed","ping_status":"closed","template":"","meta":{"footnotes":""},"class_list":["post-28","page","type-page","status-publish","hentry"],"yoast_head":"<!-- This site is optimized with the Yoast SEO plugin v27.3 - https:\/\/yoast.com\/product\/yoast-seo-wordpress\/ -->\n<title>Was ist Paraclimbing? - Paraklettern Neuigkeiten<\/title>\n<meta name=\"robots\" content=\"index, follow, max-snippet:-1, max-image-preview:large, max-video-preview:-1\" \/>\n<link rel=\"canonical\" href=\"https:\/\/paraclimbing.org\/de\/\" \/>\n<meta property=\"og:locale\" content=\"de_DE\" \/>\n<meta property=\"og:type\" content=\"article\" \/>\n<meta property=\"og:title\" content=\"Was ist Paraclimbing? - Paraklettern Neuigkeiten\" \/>\n<meta property=\"og:description\" content=\"Paraklettern bzw. Paraclimbing ist Sportklettern f\u00fcr Menschen mit Behinderung. Diese Webseite soll \u00fcber Paraklettern-Aktivit\u00e4ten rund um die Welt berichten, gleich ob es um Wettkampfklettern oder &hellip;\" \/>\n<meta property=\"og:url\" content=\"https:\/\/paraclimbing.org\/de\/\" \/>\n<meta property=\"og:site_name\" content=\"Paraklettern Neuigkeiten\" \/>\n<meta property=\"article:modified_time\" content=\"2025-06-08T13:47:30+00:00\" \/>\n<meta property=\"og:image\" content=\"https:\/\/paraclimbing.org\/wp-content\/uploads\/2020\/01\/20191202_093022-450x338.jpg\" \/>\n<meta name=\"twitter:card\" content=\"summary_large_image\" \/>\n<meta name=\"twitter:label1\" content=\"Gesch\u00e4tzte Lesezeit\" \/>\n\t<meta name=\"twitter:data1\" content=\"2\u00a0Minuten\" \/>\n<script type=\"application\/ld+json\" class=\"yoast-schema-graph\">{\"@context\":\"https:\\\/\\\/schema.org\",\"@graph\":[{\"@type\":\"WebPage\",\"@id\":\"https:\\\/\\\/paraclimbing.org\\\/de\\\/\",\"url\":\"https:\\\/\\\/paraclimbing.org\\\/de\\\/\",\"name\":\"Was ist Paraclimbing? - Paraklettern Neuigkeiten\",\"isPartOf\":{\"@id\":\"https:\\\/\\\/paraclimbing.org\\\/de\\\/#website\"},\"primaryImageOfPage\":{\"@id\":\"https:\\\/\\\/paraclimbing.org\\\/de\\\/#primaryimage\"},\"image\":{\"@id\":\"https:\\\/\\\/paraclimbing.org\\\/de\\\/#primaryimage\"},\"thumbnailUrl\":\"https:\\\/\\\/paraclimbing.org\\\/wp-content\\\/uploads\\\/2020\\\/01\\\/20191202_093022-450x338.jpg\",\"datePublished\":\"2020-01-11T17:49:42+00:00\",\"dateModified\":\"2025-06-08T13:47:30+00:00\",\"breadcrumb\":{\"@id\":\"https:\\\/\\\/paraclimbing.org\\\/de\\\/#breadcrumb\"},\"inLanguage\":\"de\",\"potentialAction\":[{\"@type\":\"ReadAction\",\"target\":[\"https:\\\/\\\/paraclimbing.org\\\/de\\\/\"]}]},{\"@type\":\"ImageObject\",\"inLanguage\":\"de\",\"@id\":\"https:\\\/\\\/paraclimbing.org\\\/de\\\/#primaryimage\",\"url\":\"https:\\\/\\\/paraclimbing.org\\\/wp-content\\\/uploads\\\/2020\\\/01\\\/20191202_093022-450x338.jpg\",\"contentUrl\":\"https:\\\/\\\/paraclimbing.org\\\/wp-content\\\/uploads\\\/2020\\\/01\\\/20191202_093022-450x338.jpg\"},{\"@type\":\"BreadcrumbList\",\"@id\":\"https:\\\/\\\/paraclimbing.org\\\/de\\\/#breadcrumb\",\"itemListElement\":[{\"@type\":\"ListItem\",\"position\":1,\"name\":\"Home\",\"item\":\"https:\\\/\\\/paraclimbing.org\\\/de\\\/\"},{\"@type\":\"ListItem\",\"position\":2,\"name\":\"Was ist Paraclimbing?\"}]},{\"@type\":\"WebSite\",\"@id\":\"https:\\\/\\\/paraclimbing.org\\\/de\\\/#website\",\"url\":\"https:\\\/\\\/paraclimbing.org\\\/de\\\/\",\"name\":\"Paraklettern Neuigkeiten\",\"description\":\"\",\"potentialAction\":[{\"@type\":\"SearchAction\",\"target\":{\"@type\":\"EntryPoint\",\"urlTemplate\":\"https:\\\/\\\/paraclimbing.org\\\/de\\\/?s={search_term_string}\"},\"query-input\":{\"@type\":\"PropertyValueSpecification\",\"valueRequired\":true,\"valueName\":\"search_term_string\"}}],\"inLanguage\":\"de\"}]}<\/script>\n<!-- \/ Yoast SEO plugin. -->","yoast_head_json":{"title":"Was ist Paraclimbing? - Paraklettern Neuigkeiten","robots":{"index":"index","follow":"follow","max-snippet":"max-snippet:-1","max-image-preview":"max-image-preview:large","max-video-preview":"max-video-preview:-1"},"canonical":"https:\/\/paraclimbing.org\/de\/","og_locale":"de_DE","og_type":"article","og_title":"Was ist Paraclimbing? - Paraklettern Neuigkeiten","og_description":"Paraklettern bzw. Paraclimbing ist Sportklettern f\u00fcr Menschen mit Behinderung. Diese Webseite soll \u00fcber Paraklettern-Aktivit\u00e4ten rund um die Welt berichten, gleich ob es um Wettkampfklettern oder &hellip;","og_url":"https:\/\/paraclimbing.org\/de\/","og_site_name":"Paraklettern Neuigkeiten","article_modified_time":"2025-06-08T13:47:30+00:00","og_image":[{"url":"https:\/\/paraclimbing.org\/wp-content\/uploads\/2020\/01\/20191202_093022-450x338.jpg","type":"","width":"","height":""}],"twitter_card":"summary_large_image","twitter_misc":{"Gesch\u00e4tzte Lesezeit":"2\u00a0Minuten"},"schema":{"@context":"https:\/\/schema.org","@graph":[{"@type":"WebPage","@id":"https:\/\/paraclimbing.org\/de\/","url":"https:\/\/paraclimbing.org\/de\/","name":"Was ist Paraclimbing? - Paraklettern Neuigkeiten","isPartOf":{"@id":"https:\/\/paraclimbing.org\/de\/#website"},"primaryImageOfPage":{"@id":"https:\/\/paraclimbing.org\/de\/#primaryimage"},"image":{"@id":"https:\/\/paraclimbing.org\/de\/#primaryimage"},"thumbnailUrl":"https:\/\/paraclimbing.org\/wp-content\/uploads\/2020\/01\/20191202_093022-450x338.jpg","datePublished":"2020-01-11T17:49:42+00:00","dateModified":"2025-06-08T13:47:30+00:00","breadcrumb":{"@id":"https:\/\/paraclimbing.org\/de\/#breadcrumb"},"inLanguage":"de","potentialAction":[{"@type":"ReadAction","target":["https:\/\/paraclimbing.org\/de\/"]}]},{"@type":"ImageObject","inLanguage":"de","@id":"https:\/\/paraclimbing.org\/de\/#primaryimage","url":"https:\/\/paraclimbing.org\/wp-content\/uploads\/2020\/01\/20191202_093022-450x338.jpg","contentUrl":"https:\/\/paraclimbing.org\/wp-content\/uploads\/2020\/01\/20191202_093022-450x338.jpg"},{"@type":"BreadcrumbList","@id":"https:\/\/paraclimbing.org\/de\/#breadcrumb","itemListElement":[{"@type":"ListItem","position":1,"name":"Home","item":"https:\/\/paraclimbing.org\/de\/"},{"@type":"ListItem","position":2,"name":"Was ist Paraclimbing?"}]},{"@type":"WebSite","@id":"https:\/\/paraclimbing.org\/de\/#website","url":"https:\/\/paraclimbing.org\/de\/","name":"Paraklettern Neuigkeiten","description":"","potentialAction":[{"@type":"SearchAction","target":{"@type":"EntryPoint","urlTemplate":"https:\/\/paraclimbing.org\/de\/?s={search_term_string}"},"query-input":{"@type":"PropertyValueSpecification","valueRequired":true,"valueName":"search_term_string"}}],"inLanguage":"de"}]}},"_links":{"self":[{"href":"https:\/\/paraclimbing.org\/de\/wp-json\/wp\/v2\/pages\/28","targetHints":{"allow":["GET"]}}],"collection":[{"href":"https:\/\/paraclimbing.org\/de\/wp-json\/wp\/v2\/pages"}],"about":[{"href":"https:\/\/paraclimbing.org\/de\/wp-json\/wp\/v2\/types\/page"}],"author":[{"embeddable":true,"href":"https:\/\/paraclimbing.org\/de\/wp-json\/wp\/v2\/users\/1"}],"replies":[{"embeddable":true,"href":"https:\/\/paraclimbing.org\/de\/wp-json\/wp\/v2\/comments?post=28"}],"version-history":[{"count":8,"href":"https:\/\/paraclimbing.org\/de\/wp-json\/wp\/v2\/pages\/28\/revisions"}],"predecessor-version":[{"id":355,"href":"https:\/\/paraclimbing.org\/de\/wp-json\/wp\/v2\/pages\/28\/revisions\/355"}],"wp:attachment":[{"href":"https:\/\/paraclimbing.org\/de\/wp-json\/wp\/v2\/media?parent=28"}],"curies":[{"name":"wp","href":"https:\/\/api.w.org\/{rel}","templated":true}]}}