   {"id":130,"date":"2020-02-02T00:25:38","date_gmt":"2020-02-02T00:25:38","guid":{"rendered":"https:\/\/paraclimbing.org\/de\/?page_id=130"},"modified":"2020-07-21T19:41:48","modified_gmt":"2020-07-21T19:41:48","slug":"training","status":"publish","type":"page","link":"https:\/\/paraclimbing.org\/de\/training\/","title":{"rendered":"Gesundheit &#038; Training"},"content":{"rendered":"<p>\u00dcber Training wurde bereits sehr viel publiziert. Auch kletterspezifisches Training ist gut untersucht und auch dokumentiert. Wenn wir jedoch \u00fcber Behinderungen und Training, im speziellen Paraclimbing sprechen, sind wir mehr oder wenig auf uns selbst zur\u00fcck geworfen. Willkommen in der wundersch\u00f6nen Welt der Kompensation!<\/p>\n<p>Bitte beachten:<\/p>\n<ul>\n<li>Jeder macht alles auf eigene Gefahr<\/li>\n<li>Du hast viel zu verlieren, aber nur wenig zu gewinnen<\/li>\n<li>Diese Ideen und Ratschl\u00e4ge k\u00f6nnen keine professionelle Hilfe ersetzen<\/li>\n<li>Kenne Deine Grenzen<\/li>\n<\/ul>\n<p>Dies mag sich alles selbsterkl\u00e4rend anh\u00f6ren \u2013 ist aber sehr wichtig. Einige vergessen gerne im Eifer des Gefechts, dass sie aufgrund der Behinderung an bestimmten Stellen vorsichtig sein m\u00fcssen, um nicht eines Tages einen hohen Preis daf\u00fcr bezahlen zu m\u00fcssen \u2026<\/p>\n<p>Beispielsweise armamputierte Kletterer: Was ist wenn der &#8222;gute Arm&#8220; ernsthaft verletzt wird? Wie w\u00fcrde das t\u00e4gliche Leben dann aussehen? Klettern auf hohem Niveau ist kein Gesundheitssport, erst Recht nicht mit Behinderung. Wenn man mit einbezieht, dass Behinderungen generell gewisse Kompensationstechniken erfordert, die meist in asymetrischen Belastungen endet, so ist es nur logisch, dass dies \u00fcber kurz oder lang zu \u00dcberlastung und Verletzung f\u00fchren kann, sofern man sich nicht mit diesem Thema auseinander setzt und gewisse Ma\u00dfnahmen ergreift.<\/p>\n<h2>Physik und Anatomie lassen sich nicht austricksen<\/h2>\n<p>Dieser Umstand ist wichtig zu wissen und auch zu akzeptieren. Im Parasport h\u00f6rt man oft Aussagen wie &#8222;Grenzen sind gemacht, um verschoben zu werden&#8220;, &#8222;Es gibt keine Grenzen&#8220;, &#8222;Man kann alles erreichen, wenn man nur will&#8220; \u2013 wir alle kennen diese Spr\u00fcche. Auf gewisse Art und Weise steckt auch Wahrheit in den Aussagen, gleichzeitig sind sie aber auch falsch. Es gibt immer feste Grenzen, die nicht verschoben werden k\u00f6nnen, wir sind keine Superhelden \u2026 wir sind nur Menschen. Und behindert. Das zu realisieren und auch zu akzeptieren, dass es feste Grenzen gibt, ist sehr wichtig.<\/p>\n<p>Sehen wir uns ein einfaches Beispiel genauer an: Wenn man nur mit einem Arm klettert, wird dieser Arm deutlich st\u00e4rker belastet. Es ist sogar mehr als doppelt so viel Last im Vergleich zu einem Kletterer mit zwei Armen, da man wesentlich mehr dynamische Z\u00fcge mit einem Arm machen muss, die h\u00f6here Lastspitzen verursachen. Gleichzeitig muss der K\u00f6rper vor Rotation bewahrt werden und pr\u00e4zise Fu\u00dfarbeit und H\u00fcftbeweglichkeit ist zus\u00e4tzlich notwendig.<\/p>\n<p>Auch f\u00fcr &#8222;gesunde&#8220; Kletterer mit zwei Armen sind Verletzungen an Fingern, Handgelenken, Ellbogen und Schultern weit verbreitet. Egal wie hart man trainiert und wie gut man in Sachen Ausgleichstraining aufgestellt ist, die Physik wird in diesem Beispiel den einarmigen Kletterer dazu zwingen, seinen Arm stark zu \u00fcberlasten. Da der K\u00f6rper nicht daf\u00fcr gemacht ist, wird klettern mit nur einem Arm auf hohem Niveau fr\u00fcher oder sp\u00e4ter immer zu \u00dcberlastung und Verletzungen f\u00fchren \u2013 weil sich die Anatomie und Physik eben nicht austricksen l\u00e4sst \u2026<\/p>\n<p>Die Idee hinter diesem Beispiel kann auf viele andere Behinderungen \u00fcbertragen werden. Alle Arten von Amputationen oder Gliedma\u00dfenverlust, die zu asymmetrischen Belastungen f\u00fchren, k\u00f6nnen das Risiko von \u00dcberlastung und Verletzung in den betroffenen K\u00f6rperteilen erh\u00f6hen. Wenn man beispielsweise einen Mangel an Beweglichkeit mit Kraft kompensiert, so muss man sich auf den Teil des K\u00f6rpers konzentrieren, der mehr zu arbeiten hat, denn hier liegt ein h\u00f6heres Risiko an \u00dcberlastung und Verletzung.<\/p>\n<h2>Finde den wunden Punkt und arbeite daran<\/h2>\n<p>Was kann man nun konkret tun? Neben den oben beschriebenen Grundlagen ist es essentiell, den eigenen pers\u00f6nlichen &#8222;wunden Punkt&#8220; zu finden. Wo wird mein K\u00f6rper mehr im Vergleich zu nicht-behinderten Kletterern belastet? Gibt es asymmetrische Belastungssituationen aufgrund von Amputationen oder Gliedma\u00dfenverlust? Welcher Teil des K\u00f6rpers schmerzt \u00f6fter und l\u00e4nger als der Rest vom K\u00f6rper?<\/p>\n<p>Am Ende des Tages geht es vor allem um ein solides Kompensationstraining, das den K\u00f6rper in eine bessere Position bringt, die spezielle Belastungssituation zu meistern \u2013 auch wenn sich gewisse Grenzen nie \u00fcberwinden lassen.<\/p>\n<p>Professionelle Hilfe von Physiotherapeuten, \u00c4rzten oder Sportwissenschaftlern kann helfen, um ein individuell angepasstes Ausgleichstraining zu entwerfen. Es gibt auch eine Ver\u00f6ffentlichung, die hier einige grundlegende Ideen und Hilfe bieten kann: &#8222;ACT Adjunct Compensatiory Training&#8220; von Volker Sch\u00f6ffl Arzt, betreut auch das deutsche Nationalteam), Dicki Korb und Patrick Matros (Trainer von Alexander Megos und vielen anderen Athleten), gibt es frei als PDF auf dieser Webseite: <a href=\"http:\/\/act.clinic\" target=\"_blank\" rel=\"noopener noreferrer\">www.act.clinic<\/a><\/p>\n<p>Dieses Buch wurde f\u00fcr nicht-behinderte Kletterer geschrieben und behandelt das Thema Ausgleichstraining mit medizinischem Hintergrund. Das Buch enth\u00e4lt auch ein Kapitel mit \u00dcbungen f\u00fcr oft im Klettern auftretende Verletzungen, die evtl. direkt auf einige F\u00e4lle im Paraklettern \u00fcbertragen werden k\u00f6nnen. Wie schon zuvor gesagt: Professionelle Hilfe wird empfohlen!<\/p>","protected":false},"excerpt":{"rendered":"<p>\u00dcber Training wurde bereits sehr viel publiziert. Auch kletterspezifisches Training ist gut untersucht und auch dokumentiert. Wenn wir jedoch \u00fcber Behinderungen und Training, im speziellen &hellip;<\/p>\n","protected":false},"author":1,"featured_media":0,"parent":0,"menu_order":0,"comment_status":"closed","ping_status":"closed","template":"","meta":{"footnotes":""},"class_list":["post-130","page","type-page","status-publish","hentry"],"yoast_head":"<!-- This site is optimized with the Yoast SEO plugin v27.3 - https:\/\/yoast.com\/product\/yoast-seo-wordpress\/ -->\n<title>Gesundheit &amp; Training - Paraklettern Neuigkeiten<\/title>\n<meta name=\"robots\" content=\"index, follow, max-snippet:-1, max-image-preview:large, max-video-preview:-1\" \/>\n<link rel=\"canonical\" href=\"https:\/\/paraclimbing.org\/de\/training\/\" \/>\n<meta property=\"og:locale\" content=\"de_DE\" \/>\n<meta property=\"og:type\" content=\"article\" \/>\n<meta property=\"og:title\" content=\"Gesundheit &amp; Training - Paraklettern Neuigkeiten\" \/>\n<meta property=\"og:description\" content=\"\u00dcber Training wurde bereits sehr viel publiziert. Auch kletterspezifisches Training ist gut untersucht und auch dokumentiert. Wenn wir jedoch \u00fcber Behinderungen und Training, im speziellen &hellip;\" \/>\n<meta property=\"og:url\" content=\"https:\/\/paraclimbing.org\/de\/training\/\" \/>\n<meta property=\"og:site_name\" content=\"Paraklettern Neuigkeiten\" \/>\n<meta property=\"article:modified_time\" content=\"2020-07-21T19:41:48+00:00\" \/>\n<meta name=\"twitter:card\" content=\"summary_large_image\" \/>\n<meta name=\"twitter:label1\" content=\"Gesch\u00e4tzte Lesezeit\" \/>\n\t<meta name=\"twitter:data1\" content=\"4\u00a0Minuten\" \/>\n<script type=\"application\/ld+json\" class=\"yoast-schema-graph\">{\"@context\":\"https:\\\/\\\/schema.org\",\"@graph\":[{\"@type\":\"WebPage\",\"@id\":\"https:\\\/\\\/paraclimbing.org\\\/de\\\/training\\\/\",\"url\":\"https:\\\/\\\/paraclimbing.org\\\/de\\\/training\\\/\",\"name\":\"Gesundheit & Training - Paraklettern Neuigkeiten\",\"isPartOf\":{\"@id\":\"https:\\\/\\\/paraclimbing.org\\\/de\\\/#website\"},\"datePublished\":\"2020-02-02T00:25:38+00:00\",\"dateModified\":\"2020-07-21T19:41:48+00:00\",\"breadcrumb\":{\"@id\":\"https:\\\/\\\/paraclimbing.org\\\/de\\\/training\\\/#breadcrumb\"},\"inLanguage\":\"de\",\"potentialAction\":[{\"@type\":\"ReadAction\",\"target\":[\"https:\\\/\\\/paraclimbing.org\\\/de\\\/training\\\/\"]}]},{\"@type\":\"BreadcrumbList\",\"@id\":\"https:\\\/\\\/paraclimbing.org\\\/de\\\/training\\\/#breadcrumb\",\"itemListElement\":[{\"@type\":\"ListItem\",\"position\":1,\"name\":\"Home\",\"item\":\"https:\\\/\\\/paraclimbing.org\\\/de\\\/\"},{\"@type\":\"ListItem\",\"position\":2,\"name\":\"Gesundheit &#038; Training\"}]},{\"@type\":\"WebSite\",\"@id\":\"https:\\\/\\\/paraclimbing.org\\\/de\\\/#website\",\"url\":\"https:\\\/\\\/paraclimbing.org\\\/de\\\/\",\"name\":\"Paraklettern Neuigkeiten\",\"description\":\"\",\"potentialAction\":[{\"@type\":\"SearchAction\",\"target\":{\"@type\":\"EntryPoint\",\"urlTemplate\":\"https:\\\/\\\/paraclimbing.org\\\/de\\\/?s={search_term_string}\"},\"query-input\":{\"@type\":\"PropertyValueSpecification\",\"valueRequired\":true,\"valueName\":\"search_term_string\"}}],\"inLanguage\":\"de\"}]}<\/script>\n<!-- \/ Yoast SEO plugin. -->","yoast_head_json":{"title":"Gesundheit & Training - Paraklettern Neuigkeiten","robots":{"index":"index","follow":"follow","max-snippet":"max-snippet:-1","max-image-preview":"max-image-preview:large","max-video-preview":"max-video-preview:-1"},"canonical":"https:\/\/paraclimbing.org\/de\/training\/","og_locale":"de_DE","og_type":"article","og_title":"Gesundheit & Training - Paraklettern Neuigkeiten","og_description":"\u00dcber Training wurde bereits sehr viel publiziert. Auch kletterspezifisches Training ist gut untersucht und auch dokumentiert. Wenn wir jedoch \u00fcber Behinderungen und Training, im speziellen &hellip;","og_url":"https:\/\/paraclimbing.org\/de\/training\/","og_site_name":"Paraklettern Neuigkeiten","article_modified_time":"2020-07-21T19:41:48+00:00","twitter_card":"summary_large_image","twitter_misc":{"Gesch\u00e4tzte Lesezeit":"4\u00a0Minuten"},"schema":{"@context":"https:\/\/schema.org","@graph":[{"@type":"WebPage","@id":"https:\/\/paraclimbing.org\/de\/training\/","url":"https:\/\/paraclimbing.org\/de\/training\/","name":"Gesundheit & Training - Paraklettern Neuigkeiten","isPartOf":{"@id":"https:\/\/paraclimbing.org\/de\/#website"},"datePublished":"2020-02-02T00:25:38+00:00","dateModified":"2020-07-21T19:41:48+00:00","breadcrumb":{"@id":"https:\/\/paraclimbing.org\/de\/training\/#breadcrumb"},"inLanguage":"de","potentialAction":[{"@type":"ReadAction","target":["https:\/\/paraclimbing.org\/de\/training\/"]}]},{"@type":"BreadcrumbList","@id":"https:\/\/paraclimbing.org\/de\/training\/#breadcrumb","itemListElement":[{"@type":"ListItem","position":1,"name":"Home","item":"https:\/\/paraclimbing.org\/de\/"},{"@type":"ListItem","position":2,"name":"Gesundheit &#038; Training"}]},{"@type":"WebSite","@id":"https:\/\/paraclimbing.org\/de\/#website","url":"https:\/\/paraclimbing.org\/de\/","name":"Paraklettern Neuigkeiten","description":"","potentialAction":[{"@type":"SearchAction","target":{"@type":"EntryPoint","urlTemplate":"https:\/\/paraclimbing.org\/de\/?s={search_term_string}"},"query-input":{"@type":"PropertyValueSpecification","valueRequired":true,"valueName":"search_term_string"}}],"inLanguage":"de"}]}},"_links":{"self":[{"href":"https:\/\/paraclimbing.org\/de\/wp-json\/wp\/v2\/pages\/130","targetHints":{"allow":["GET"]}}],"collection":[{"href":"https:\/\/paraclimbing.org\/de\/wp-json\/wp\/v2\/pages"}],"about":[{"href":"https:\/\/paraclimbing.org\/de\/wp-json\/wp\/v2\/types\/page"}],"author":[{"embeddable":true,"href":"https:\/\/paraclimbing.org\/de\/wp-json\/wp\/v2\/users\/1"}],"replies":[{"embeddable":true,"href":"https:\/\/paraclimbing.org\/de\/wp-json\/wp\/v2\/comments?post=130"}],"version-history":[{"count":4,"href":"https:\/\/paraclimbing.org\/de\/wp-json\/wp\/v2\/pages\/130\/revisions"}],"predecessor-version":[{"id":145,"href":"https:\/\/paraclimbing.org\/de\/wp-json\/wp\/v2\/pages\/130\/revisions\/145"}],"wp:attachment":[{"href":"https:\/\/paraclimbing.org\/de\/wp-json\/wp\/v2\/media?parent=130"}],"curies":[{"name":"wp","href":"https:\/\/api.w.org\/{rel}","templated":true}]}}