   {"id":129,"date":"2020-02-02T00:25:31","date_gmt":"2020-02-02T00:25:31","guid":{"rendered":"https:\/\/paraclimbing.org\/de\/?page_id=129"},"modified":"2020-07-21T19:35:14","modified_gmt":"2020-07-21T19:35:14","slug":"outdoor","status":"publish","type":"page","link":"https:\/\/paraclimbing.org\/de\/outdoor\/","title":{"rendered":"Outdoor klettern"},"content":{"rendered":"<p>Warum nicht raus gehen zum Paraklettern? Die Halle mag sch\u00f6n sein, aber drau\u00dfen ist es einfach noch besser! \ud83d\ude09<\/p>\n<figure id=\"attachment_405\" aria-describedby=\"caption-attachment-405\" style=\"width: 450px\" class=\"wp-caption alignright\"><img loading=\"lazy\" decoding=\"async\" class=\"wp-image-405 size-medium\" src=\"https:\/\/paraclimbing.org\/wp-content\/uploads\/2020\/01\/20191202_093022-450x338.jpg\" alt=\"\" width=\"450\" height=\"338\" \/><figcaption id=\"caption-attachment-405\" class=\"wp-caption-text\">Urko Carmona Barandiaran (Beinamputation) und Sebastian Depke (RP Athlet) in Mallos de Riglos, Spanien<\/figcaption><\/figure>\n<p>Wie dem auch sei, es gibt einige Dinge, die hier zus\u00e4tzlich zu beachten sind: W\u00e4hrend Routen an Kunstw\u00e4nden einfach zu lesen sind, ist alles drau\u00dfen etwas komplexer und versteckter. Felsen k\u00f6nnen sehr unterschiedlich sein und die mit weniger Struktur (Granit, Basalt) sind wahrscheinlich schwieriger f\u00fcr Parakletterer wie Felden mit mehr Struktur (Kalk, Konglomerat). Feld kann sehr unterschiedliche Ausrp\u00e4gungen haben, es mag Sandstein mit viel Struktur geben wie auch komplett glatte W\u00e4nde. Unterm Strich bleibt aber folgende einfache Regel: Mehr Struktur = mehr Optionen = besser f\u00fcr Parakletterer.<\/p>\n<figure id=\"attachment_406\" aria-describedby=\"caption-attachment-406\" style=\"width: 450px\" class=\"wp-caption alignleft\"><a href=\"https:\/\/paraclimbing.org\/wp-content\/uploads\/2020\/01\/MAH00304-f001935.png\" data-rel=\"lightbox-image-0\" data-rl_title=\"\" data-rl_caption=\"\" title=\"\"><img loading=\"lazy\" decoding=\"async\" class=\"wp-image-406 size-medium\" src=\"https:\/\/paraclimbing.org\/wp-content\/uploads\/2020\/01\/MAH00304-f001935-450x253.png\" alt=\"\" width=\"450\" height=\"253\" \/><\/a><figcaption id=\"caption-attachment-406\" class=\"wp-caption-text\">Urko Carmona Barandiaran (beinamputiert) in &#8222;Gallettas&#8220; (270m, 6b) am Mallo Fir\u00e9, Mallos de Riglos, Spanien<\/figcaption><\/figure>\n<p>Lasst und \u00fcber Sicherheit sprechen. Fels und Natur sind keine T\u00dcV-zertifizierten und getesteten Umgebungen und es ist nicht einfach nur &#8222;klippen und klettern&#8220; \u2013 ein doppelt pr\u00fcfender Blick kann Leben retten! Erwarte keine Haken in 1,5 m Abst\u00e4nden, es mag Passagen geben, in denen man besser im Vorstieg nicht st\u00fcrzt. Und nat\u00fcrlich, Griffe k\u00f6nnen brechen, Haken k\u00f6nnen korrodiert sein und im schlimmsten Falle auch brechen, Steinschlag kann je nach Fels ebenfalls auftreten. Helm? Besser mitbringen und auch tragen. Partnercheck? Niemals vergessen! Knoten im Seilende? Klar. Behaltet immer im Hinterkopf: Der Gipfel oder eine Begehung ist optional \u2013 die (gesunde) R\u00fcckkehr ist Pflicht!<\/p>\n<figure id=\"attachment_409\" aria-describedby=\"caption-attachment-409\" style=\"width: 450px\" class=\"wp-caption alignright\"><a href=\"https:\/\/paraclimbing.org\/wp-content\/uploads\/2020\/01\/20190103_104535-scaled.jpg\" data-rel=\"lightbox-image-1\" data-rl_title=\"\" data-rl_caption=\"\" title=\"\"><img loading=\"lazy\" decoding=\"async\" class=\"wp-image-409 size-medium\" src=\"https:\/\/paraclimbing.org\/wp-content\/uploads\/2020\/01\/20190103_104535-450x338.jpg\" alt=\"Nils Helsper (RP1, left) managing a short free solo climb on the way back to the car after climbinging in Cala Bota (Mallorca, Spain), Anna Lipp (AU1, right side on the ground) waiting for her turn to climb up with just one arm.\" width=\"450\" height=\"338\" \/><\/a><figcaption id=\"caption-attachment-409\" class=\"wp-caption-text\">Nils Helsper (RP Athlet, links im Bild) auf einer kurzen free solo Kletterpassage auf dem Weg nach Cala Bota (Mallorca, Spanien), Anna Lipp (Armamputation, rechts am Boden) hat die Passage schon hinter sich gebracht mit nur einem Arm<\/figcaption><\/figure>\n<p>Der Zustieg zum Klettergebiet kann f\u00fcr Parakletterer schon relativ abenteuerlich sein. Stelle sicher, dass der Zustieg auch machbar ist, nicht jeder Fels steht direkt am Parkplatz. Manchmal sind l\u00e4ngere Wanderungen \u00fcber unbefestigtes Gel\u00e4nde und evtl. auch kleine Kletterpassagen notwendig. Frag andere, die den Weg schon kennen, ob er mit Kr\u00fccken oder Rollstuhl m\u00f6glich ist und wie er generell beschaffen ist. Vertraue nie den Zustiegszeiten im Kletterf\u00fchrer, je nach Behinderung kann man diese mal eben verdoppeln oder sogar noch mehr draufschlagen.<\/p>\n<p>Der Zustieg ist nur ein Teil, behalte den R\u00fcckweg immer im Hinterkopf! Auch daf\u00fcr werden Ressourcen ben\u00f6tigt, also lass nicht 100 % der Energie am Fels, wenn der R\u00fcckweg anspruchsvoll ist. \ud83d\ude09<\/p>\n<p>Wenn all diese Dinge gekl\u00e4rt sind, das richtige Gebiet anvisiert wird, die richtigen Leute dabei sind und auch das Wetter gut aussieht, macht es einfach und genie\u00dft es! Denn darum geht es doch beim Klettern am Ende des Tages \u2026<\/p>","protected":false},"excerpt":{"rendered":"<p>Warum nicht raus gehen zum Paraklettern? Die Halle mag sch\u00f6n sein, aber drau\u00dfen ist es einfach noch besser! \ud83d\ude09 Wie dem auch sei, es gibt &hellip;<\/p>\n","protected":false},"author":1,"featured_media":0,"parent":0,"menu_order":0,"comment_status":"closed","ping_status":"closed","template":"","meta":{"footnotes":""},"class_list":["post-129","page","type-page","status-publish","hentry"],"yoast_head":"<!-- This site is optimized with the Yoast SEO plugin v27.3 - https:\/\/yoast.com\/product\/yoast-seo-wordpress\/ -->\n<title>Outdoor klettern - Paraklettern Neuigkeiten<\/title>\n<meta name=\"robots\" content=\"index, follow, max-snippet:-1, max-image-preview:large, max-video-preview:-1\" \/>\n<link rel=\"canonical\" href=\"https:\/\/paraclimbing.org\/de\/outdoor\/\" \/>\n<meta property=\"og:locale\" content=\"de_DE\" \/>\n<meta property=\"og:type\" content=\"article\" \/>\n<meta property=\"og:title\" content=\"Outdoor klettern - Paraklettern Neuigkeiten\" \/>\n<meta property=\"og:description\" content=\"Warum nicht raus gehen zum Paraklettern? Die Halle mag sch\u00f6n sein, aber drau\u00dfen ist es einfach noch besser! \ud83d\ude09 Wie dem auch sei, es gibt &hellip;\" \/>\n<meta property=\"og:url\" content=\"https:\/\/paraclimbing.org\/de\/outdoor\/\" \/>\n<meta property=\"og:site_name\" content=\"Paraklettern Neuigkeiten\" \/>\n<meta property=\"article:modified_time\" content=\"2020-07-21T19:35:14+00:00\" \/>\n<meta property=\"og:image\" content=\"https:\/\/paraclimbing.org\/wp-content\/uploads\/2020\/01\/20191202_093022-450x338.jpg\" \/>\n<meta name=\"twitter:card\" content=\"summary_large_image\" \/>\n<meta name=\"twitter:label1\" content=\"Gesch\u00e4tzte Lesezeit\" \/>\n\t<meta name=\"twitter:data1\" content=\"2\u00a0Minuten\" \/>\n<script type=\"application\/ld+json\" class=\"yoast-schema-graph\">{\"@context\":\"https:\\\/\\\/schema.org\",\"@graph\":[{\"@type\":\"WebPage\",\"@id\":\"https:\\\/\\\/paraclimbing.org\\\/de\\\/outdoor\\\/\",\"url\":\"https:\\\/\\\/paraclimbing.org\\\/de\\\/outdoor\\\/\",\"name\":\"Outdoor klettern - Paraklettern Neuigkeiten\",\"isPartOf\":{\"@id\":\"https:\\\/\\\/paraclimbing.org\\\/de\\\/#website\"},\"primaryImageOfPage\":{\"@id\":\"https:\\\/\\\/paraclimbing.org\\\/de\\\/outdoor\\\/#primaryimage\"},\"image\":{\"@id\":\"https:\\\/\\\/paraclimbing.org\\\/de\\\/outdoor\\\/#primaryimage\"},\"thumbnailUrl\":\"https:\\\/\\\/paraclimbing.org\\\/wp-content\\\/uploads\\\/2020\\\/01\\\/20191202_093022-450x338.jpg\",\"datePublished\":\"2020-02-02T00:25:31+00:00\",\"dateModified\":\"2020-07-21T19:35:14+00:00\",\"breadcrumb\":{\"@id\":\"https:\\\/\\\/paraclimbing.org\\\/de\\\/outdoor\\\/#breadcrumb\"},\"inLanguage\":\"de\",\"potentialAction\":[{\"@type\":\"ReadAction\",\"target\":[\"https:\\\/\\\/paraclimbing.org\\\/de\\\/outdoor\\\/\"]}]},{\"@type\":\"ImageObject\",\"inLanguage\":\"de\",\"@id\":\"https:\\\/\\\/paraclimbing.org\\\/de\\\/outdoor\\\/#primaryimage\",\"url\":\"https:\\\/\\\/paraclimbing.org\\\/wp-content\\\/uploads\\\/2020\\\/01\\\/20191202_093022-450x338.jpg\",\"contentUrl\":\"https:\\\/\\\/paraclimbing.org\\\/wp-content\\\/uploads\\\/2020\\\/01\\\/20191202_093022-450x338.jpg\"},{\"@type\":\"BreadcrumbList\",\"@id\":\"https:\\\/\\\/paraclimbing.org\\\/de\\\/outdoor\\\/#breadcrumb\",\"itemListElement\":[{\"@type\":\"ListItem\",\"position\":1,\"name\":\"Home\",\"item\":\"https:\\\/\\\/paraclimbing.org\\\/de\\\/\"},{\"@type\":\"ListItem\",\"position\":2,\"name\":\"Outdoor klettern\"}]},{\"@type\":\"WebSite\",\"@id\":\"https:\\\/\\\/paraclimbing.org\\\/de\\\/#website\",\"url\":\"https:\\\/\\\/paraclimbing.org\\\/de\\\/\",\"name\":\"Paraklettern Neuigkeiten\",\"description\":\"\",\"potentialAction\":[{\"@type\":\"SearchAction\",\"target\":{\"@type\":\"EntryPoint\",\"urlTemplate\":\"https:\\\/\\\/paraclimbing.org\\\/de\\\/?s={search_term_string}\"},\"query-input\":{\"@type\":\"PropertyValueSpecification\",\"valueRequired\":true,\"valueName\":\"search_term_string\"}}],\"inLanguage\":\"de\"}]}<\/script>\n<!-- \/ Yoast SEO plugin. -->","yoast_head_json":{"title":"Outdoor klettern - Paraklettern Neuigkeiten","robots":{"index":"index","follow":"follow","max-snippet":"max-snippet:-1","max-image-preview":"max-image-preview:large","max-video-preview":"max-video-preview:-1"},"canonical":"https:\/\/paraclimbing.org\/de\/outdoor\/","og_locale":"de_DE","og_type":"article","og_title":"Outdoor klettern - Paraklettern Neuigkeiten","og_description":"Warum nicht raus gehen zum Paraklettern? Die Halle mag sch\u00f6n sein, aber drau\u00dfen ist es einfach noch besser! \ud83d\ude09 Wie dem auch sei, es gibt &hellip;","og_url":"https:\/\/paraclimbing.org\/de\/outdoor\/","og_site_name":"Paraklettern Neuigkeiten","article_modified_time":"2020-07-21T19:35:14+00:00","og_image":[{"url":"https:\/\/paraclimbing.org\/wp-content\/uploads\/2020\/01\/20191202_093022-450x338.jpg","type":"","width":"","height":""}],"twitter_card":"summary_large_image","twitter_misc":{"Gesch\u00e4tzte Lesezeit":"2\u00a0Minuten"},"schema":{"@context":"https:\/\/schema.org","@graph":[{"@type":"WebPage","@id":"https:\/\/paraclimbing.org\/de\/outdoor\/","url":"https:\/\/paraclimbing.org\/de\/outdoor\/","name":"Outdoor klettern - Paraklettern Neuigkeiten","isPartOf":{"@id":"https:\/\/paraclimbing.org\/de\/#website"},"primaryImageOfPage":{"@id":"https:\/\/paraclimbing.org\/de\/outdoor\/#primaryimage"},"image":{"@id":"https:\/\/paraclimbing.org\/de\/outdoor\/#primaryimage"},"thumbnailUrl":"https:\/\/paraclimbing.org\/wp-content\/uploads\/2020\/01\/20191202_093022-450x338.jpg","datePublished":"2020-02-02T00:25:31+00:00","dateModified":"2020-07-21T19:35:14+00:00","breadcrumb":{"@id":"https:\/\/paraclimbing.org\/de\/outdoor\/#breadcrumb"},"inLanguage":"de","potentialAction":[{"@type":"ReadAction","target":["https:\/\/paraclimbing.org\/de\/outdoor\/"]}]},{"@type":"ImageObject","inLanguage":"de","@id":"https:\/\/paraclimbing.org\/de\/outdoor\/#primaryimage","url":"https:\/\/paraclimbing.org\/wp-content\/uploads\/2020\/01\/20191202_093022-450x338.jpg","contentUrl":"https:\/\/paraclimbing.org\/wp-content\/uploads\/2020\/01\/20191202_093022-450x338.jpg"},{"@type":"BreadcrumbList","@id":"https:\/\/paraclimbing.org\/de\/outdoor\/#breadcrumb","itemListElement":[{"@type":"ListItem","position":1,"name":"Home","item":"https:\/\/paraclimbing.org\/de\/"},{"@type":"ListItem","position":2,"name":"Outdoor klettern"}]},{"@type":"WebSite","@id":"https:\/\/paraclimbing.org\/de\/#website","url":"https:\/\/paraclimbing.org\/de\/","name":"Paraklettern Neuigkeiten","description":"","potentialAction":[{"@type":"SearchAction","target":{"@type":"EntryPoint","urlTemplate":"https:\/\/paraclimbing.org\/de\/?s={search_term_string}"},"query-input":{"@type":"PropertyValueSpecification","valueRequired":true,"valueName":"search_term_string"}}],"inLanguage":"de"}]}},"_links":{"self":[{"href":"https:\/\/paraclimbing.org\/de\/wp-json\/wp\/v2\/pages\/129","targetHints":{"allow":["GET"]}}],"collection":[{"href":"https:\/\/paraclimbing.org\/de\/wp-json\/wp\/v2\/pages"}],"about":[{"href":"https:\/\/paraclimbing.org\/de\/wp-json\/wp\/v2\/types\/page"}],"author":[{"embeddable":true,"href":"https:\/\/paraclimbing.org\/de\/wp-json\/wp\/v2\/users\/1"}],"replies":[{"embeddable":true,"href":"https:\/\/paraclimbing.org\/de\/wp-json\/wp\/v2\/comments?post=129"}],"version-history":[{"count":5,"href":"https:\/\/paraclimbing.org\/de\/wp-json\/wp\/v2\/pages\/129\/revisions"}],"predecessor-version":[{"id":158,"href":"https:\/\/paraclimbing.org\/de\/wp-json\/wp\/v2\/pages\/129\/revisions\/158"}],"wp:attachment":[{"href":"https:\/\/paraclimbing.org\/de\/wp-json\/wp\/v2\/media?parent=129"}],"curies":[{"name":"wp","href":"https:\/\/api.w.org\/{rel}","templated":true}]}}